{"id":6748,"date":"2020-07-21T11:43:17","date_gmt":"2021-03-01T10:43:35","guid":{"rendered":"https:\/\/orfemedical.com\/urun\/double-lumen-urethral-catheters\/"},"modified":"2021-12-15T17:56:45","modified_gmt":"2021-12-15T14:56:45","slug":"double-lumen-urethral-catheters","status":"publish","type":"product","link":"https:\/\/orfemedical.com\/en\/product\/double-lumen-urethral-catheters\/","title":{"rendered":"Double Lumen Urethral Catheters"},"content":{"rendered":"<p>Double lumen catheter designed for on-wire insertion, providing two separate working channels for second wire insertion or injection.<\/p>\n<span class=\"gdlr-core-space-shortcode\" style=\"margin-top: 30px ;\"  ><\/span>\n<section class=\"row bsc-subTitle border-0\">\n<div class=\"col-12 pl-0 pr-0\">\n<div class=\"gdlr-core-widget-box-shortcode \" style=\"color: #ffffff ;background-color: #009fe3 ;\"  ><h3 class=\"gdlr-core-widget-box-shortcode-title\" style=\"color: #ffffff ;\"  >Product Details<\/h3><div class=\"gdlr-core-widget-box-shortcode-content\" ><h6 style=\"text-align: left;\">Design features<\/h6>\n<ul style=\"text-align: left;\">\n<li>Independent .038 &#8220;guidewire lumen and .050 diameter injection lumen<\/li>\n<li>Independent .038 &#8220;guidewire lumen and .050 diameter injection lumen<\/li>\n<li>Helps access, advance or replace assistive devices, including guide wires<\/li>\n<\/ul>\n<h6 style=\"text-align: left;\">Placement<\/h6>\n<ul style=\"text-align: left;\">\n<li>Conical tip design helps facilitate access to the urinary tract<\/li>\n<li>Radiopaque to aid visualization<\/li>\n<\/ul>\n<h6 style=\"text-align: left;\">Dimensions<\/h6>\n<ul>\n<li style=\"text-align: left;\">10F diameter with 54 cm working length<\/li>\n<li style=\"text-align: left;\">Guide Wire Lumen .038 &#8220;(Green)<\/li>\n<li style=\"text-align: left;\">Injection Lumen .050 &#8220;(Yellow)<\/li>\n<\/ul>\n<p>\n<\/div><\/div><span class=\"gdlr-core-space-shortcode\" style=\"margin-top: 30px ;\"  ><\/span><\/p>\n<\/div>\n<\/section>\n<section class=\"row bsc-text-block\"><\/section>\n","protected":false},"excerpt":{"rendered":"<p>Double lumen catheter designed for on-wire insertion, providing two separate working channels for second wire insertion or injection.<\/p>\n","protected":false},"featured_media":6228,"template":"","meta":[],"product_cat":[143,187],"product_tag":[],"yoast_head":"<!-- This site is optimized with the Yoast SEO plugin v15.7 - https:\/\/yoast.com\/wordpress\/plugins\/seo\/ -->\n<title>Double Lumen Urethral Catheters - Orfe T\u0131bbi Cihazlar ve Sa\u011fl\u0131k \u00dcr\u00fcnleri San. Tic. Ltd. \u015eti.<\/title>\n<meta name=\"robots\" content=\"index, follow, max-snippet:-1, max-image-preview:large, max-video-preview:-1\" \/>\n<link rel=\"canonical\" href=\"https:\/\/orfemedical.com\/en\/product\/double-lumen-urethral-catheters\/\" \/>\n<meta property=\"og:locale\" content=\"en_US\" \/>\n<meta property=\"og:type\" content=\"article\" \/>\n<meta property=\"og:title\" content=\"Double Lumen Urethral Catheters - Orfe T\u0131bbi Cihazlar ve Sa\u011fl\u0131k \u00dcr\u00fcnleri San. Tic. Ltd. \u015eti.\" \/>\n<meta property=\"og:description\" content=\"Double lumen catheter designed for on-wire insertion, providing two separate working channels for second wire insertion or injection.\" \/>\n<meta property=\"og:url\" content=\"https:\/\/orfemedical.com\/en\/product\/double-lumen-urethral-catheters\/\" \/>\n<meta property=\"og:site_name\" content=\"Orfe T\u0131bbi Cihazlar ve Sa\u011fl\u0131k \u00dcr\u00fcnleri San. Tic. Ltd. \u015eti.\" \/>\n<meta property=\"article:modified_time\" content=\"2021-12-15T14:56:45+00:00\" \/>\n<meta property=\"og:image\" content=\"https:\/\/orfemedical.com\/wp-content\/uploads\/2020\/07\/Dual-Lumen-1.jpg\" \/>\n\t<meta property=\"og:image:width\" content=\"460\" \/>\n\t<meta property=\"og:image:height\" content=\"460\" \/>\n<meta name=\"twitter:card\" content=\"summary_large_image\" \/>\n<script type=\"application\/ld+json\" class=\"yoast-schema-graph\">{\"@context\":\"https:\/\/schema.org\",\"@graph\":[{\"@type\":\"WebSite\",\"@id\":\"https:\/\/orfemedical.com\/#website\",\"url\":\"https:\/\/orfemedical.com\/\",\"name\":\"Orfe T\\u0131bbi Cihazlar ve Sa\\u011fl\\u0131k \\u00dcr\\u00fcnleri San. Tic. Ltd. \\u015eti.\",\"description\":\"Orfe Medikal\",\"potentialAction\":[{\"@type\":\"SearchAction\",\"target\":\"https:\/\/orfemedical.com\/?s={search_term_string}\",\"query-input\":\"required name=search_term_string\"}],\"inLanguage\":\"en-US\"},{\"@type\":\"ImageObject\",\"@id\":\"https:\/\/orfemedical.com\/en\/product\/double-lumen-urethral-catheters\/#primaryimage\",\"inLanguage\":\"en-US\",\"url\":\"https:\/\/orfemedical.com\/wp-content\/uploads\/2020\/07\/Dual-Lumen-1.jpg\",\"width\":460,\"height\":460},{\"@type\":\"WebPage\",\"@id\":\"https:\/\/orfemedical.com\/en\/product\/double-lumen-urethral-catheters\/#webpage\",\"url\":\"https:\/\/orfemedical.com\/en\/product\/double-lumen-urethral-catheters\/\",\"name\":\"Double Lumen Urethral Catheters - Orfe T\\u0131bbi Cihazlar ve Sa\\u011fl\\u0131k \\u00dcr\\u00fcnleri San. Tic. Ltd. \\u015eti.\",\"isPartOf\":{\"@id\":\"https:\/\/orfemedical.com\/#website\"},\"primaryImageOfPage\":{\"@id\":\"https:\/\/orfemedical.com\/en\/product\/double-lumen-urethral-catheters\/#primaryimage\"},\"datePublished\":\"2021-03-01T10:43:35+00:00\",\"dateModified\":\"2021-12-15T14:56:45+00:00\",\"inLanguage\":\"en-US\",\"potentialAction\":[{\"@type\":\"ReadAction\",\"target\":[\"https:\/\/orfemedical.com\/en\/product\/double-lumen-urethral-catheters\/\"]}]}]}<\/script>\n<!-- \/ Yoast SEO plugin. -->","_links":{"self":[{"href":"https:\/\/orfemedical.com\/en\/wp-json\/wp\/v2\/product\/6748"}],"collection":[{"href":"https:\/\/orfemedical.com\/en\/wp-json\/wp\/v2\/product"}],"about":[{"href":"https:\/\/orfemedical.com\/en\/wp-json\/wp\/v2\/types\/product"}],"wp:featuredmedia":[{"embeddable":true,"href":"https:\/\/orfemedical.com\/en\/wp-json\/wp\/v2\/media\/6228"}],"wp:attachment":[{"href":"https:\/\/orfemedical.com\/en\/wp-json\/wp\/v2\/media?parent=6748"}],"wp:term":[{"taxonomy":"product_cat","embeddable":true,"href":"https:\/\/orfemedical.com\/en\/wp-json\/wp\/v2\/product_cat?post=6748"},{"taxonomy":"product_tag","embeddable":true,"href":"https:\/\/orfemedical.com\/en\/wp-json\/wp\/v2\/product_tag?post=6748"}],"curies":[{"name":"wp","href":"https:\/\/api.w.org\/{rel}","templated":true}]}}