{"id":6750,"date":"2020-07-20T22:26:13","date_gmt":"2021-03-01T10:57:01","guid":{"rendered":"https:\/\/orfemedical.com\/urun\/threader-micro-dilatation-catheter\/"},"modified":"2021-03-01T13:57:05","modified_gmt":"2021-03-01T10:57:05","slug":"threader-micro-dilatation-catheter","status":"publish","type":"product","link":"https:\/\/orfemedical.com\/en\/product\/threader-micro-dilatation-catheter\/","title":{"rendered":"THREADER \u2122 Micro Dilatation Catheter"},"content":{"rendered":"<p>Its crossover strength and ability to widen the smallest, tightest lesions make this multi-purpose tool truly unique. Trust THREADER \u2122 to maximize your time and success.<span class=\"gdlr-core-space-shortcode\" style=\"margin-top: 30px ;\"  ><\/span><\/p>\n<section class=\"row bsc-subTitle border-0\">\n<div class=\"col-12 pl-0 pr-0\">\n<div class=\"gdlr-core-widget-box-shortcode \" style=\"color: #ffffff ;background-color: #009fe3 ;\"  ><h3 class=\"gdlr-core-widget-box-shortcode-title\" style=\"color: #ffffff ;\"  >Product Details<\/h3><div class=\"gdlr-core-widget-box-shortcode-content\" ><h6 style=\"text-align: left;\">Pre-Dilatation Balloon Meets Microcatheter (THREADER \u2122 wire top and Monorail \u2122 Capabilities)<\/h6>\n<ul style=\"text-align: left;\">\n<li style=\"text-align: left;\">Anterior dilation of complex coronary anatomy<\/li>\n<li style=\"text-align: left;\">Widening of stenotic small lumen vessels<\/li>\n<\/ul>\n<h6 style=\"text-align: left;\">Anterior Dilatation Balloon Meets Microcatheter (THREADER \u2122 on-wire Possibilities)<\/h6>\n<ul style=\"text-align: left;\">\n<li style=\"text-align: left;\">Guide wire replacement<\/li>\n<li style=\"text-align: left;\">Contrast injection<\/li>\n<\/ul>\n<p style=\"text-align: left;\"><em>Threader&#8217;s unique shaft design provides micro-catheter-like performance<\/em><\/p>\n<h6 style=\"text-align: left;\">Benefits of the Microcatheter<\/h6>\n<ul style=\"text-align: left;\">\n<li style=\"text-align: left;\">Helps move the case forward<\/li>\n<li style=\"text-align: left;\">Helps in lesion passage and wire replacement<\/li>\n<\/ul>\n<h6 style=\"text-align: left;\">PowerCoil Technology<\/h6>\n<ul style=\"text-align: left;\">\n<li style=\"text-align: left;\">Unique shaft composition designed for better delivery without compromising pushability<\/li>\n<li style=\"text-align: left;\">Strong guide wire support<\/li>\n<li style=\"text-align: left;\">Kink resistant<\/li>\n<\/ul>\n<p>\n<\/div><\/div><span class=\"gdlr-core-space-shortcode\" style=\"margin-top: 30px ;\"  ><\/span><\/p>\n<p>THREADER available in 1.2mm x 12mm balloon (Monorail and Wire Top)<\/p>\n<table class=\"row-column-header-table\" border=\"0\" width=\"100%\" cellspacing=\"0\" cellpadding=\"1\">\n<tbody>\n<tr>\n<th width=\"50\"><\/th>\n<th width=\"100\">UPN<\/th>\n<th width=\"100\">GTIN<\/th>\n<\/tr>\n<tr>\n<td width=\"50\">OTW<\/td>\n<td width=\"100\">H7493927012120<\/td>\n<td width=\"100\">8714729848134<\/td>\n<\/tr>\n<tr>\n<td width=\"50\">MR<\/td>\n<td width=\"100\">H7493926912120<\/td>\n<td width=\"100\">8714729848127<\/td>\n<\/tr>\n<\/tbody>\n<\/table>\n<\/div>\n<\/section>\n<section class=\"row bsc-text-block\"><\/section>\n","protected":false},"excerpt":{"rendered":"<p>Its crossover strength and ability to widen the smallest, tightest lesions make this multi-purpose tool truly unique. Trust THREADER \u2122 to maximize your time and success.<\/p>\n","protected":false},"featured_media":6107,"template":"","meta":[],"product_cat":[143,183],"product_tag":[],"yoast_head":"<!-- This site is optimized with the Yoast SEO plugin v15.7 - https:\/\/yoast.com\/wordpress\/plugins\/seo\/ -->\n<title>THREADER \u2122 Micro Dilatation Catheter - Orfe T\u0131bbi Cihazlar ve Sa\u011fl\u0131k \u00dcr\u00fcnleri San. Tic. Ltd. \u015eti.<\/title>\n<meta name=\"robots\" content=\"index, follow, max-snippet:-1, max-image-preview:large, max-video-preview:-1\" \/>\n<link rel=\"canonical\" href=\"https:\/\/orfemedical.com\/en\/product\/threader-micro-dilatation-catheter\/\" \/>\n<meta property=\"og:locale\" content=\"en_US\" \/>\n<meta property=\"og:type\" content=\"article\" \/>\n<meta property=\"og:title\" content=\"THREADER \u2122 Micro Dilatation Catheter - Orfe T\u0131bbi Cihazlar ve Sa\u011fl\u0131k \u00dcr\u00fcnleri San. Tic. Ltd. \u015eti.\" \/>\n<meta property=\"og:description\" content=\"Its crossover strength and ability to widen the smallest, tightest lesions make this multi-purpose tool truly unique. Trust THREADER \u2122 to maximize your time and success.\" \/>\n<meta property=\"og:url\" content=\"https:\/\/orfemedical.com\/en\/product\/threader-micro-dilatation-catheter\/\" \/>\n<meta property=\"og:site_name\" content=\"Orfe T\u0131bbi Cihazlar ve Sa\u011fl\u0131k \u00dcr\u00fcnleri San. Tic. Ltd. \u015eti.\" \/>\n<meta property=\"article:modified_time\" content=\"2021-03-01T10:57:05+00:00\" \/>\n<meta property=\"og:image\" content=\"https:\/\/orfemedical.com\/wp-content\/uploads\/2020\/07\/threader-1.jpg\" \/>\n\t<meta property=\"og:image:width\" content=\"460\" \/>\n\t<meta property=\"og:image:height\" content=\"460\" \/>\n<meta name=\"twitter:card\" content=\"summary_large_image\" \/>\n<meta name=\"twitter:label1\" content=\"Est. reading time\">\n\t<meta name=\"twitter:data1\" content=\"1 minute\">\n<script type=\"application\/ld+json\" class=\"yoast-schema-graph\">{\"@context\":\"https:\/\/schema.org\",\"@graph\":[{\"@type\":\"WebSite\",\"@id\":\"https:\/\/orfemedical.com\/#website\",\"url\":\"https:\/\/orfemedical.com\/\",\"name\":\"Orfe T\\u0131bbi Cihazlar ve Sa\\u011fl\\u0131k \\u00dcr\\u00fcnleri San. Tic. Ltd. \\u015eti.\",\"description\":\"Orfe Medikal\",\"potentialAction\":[{\"@type\":\"SearchAction\",\"target\":\"https:\/\/orfemedical.com\/?s={search_term_string}\",\"query-input\":\"required name=search_term_string\"}],\"inLanguage\":\"en-US\"},{\"@type\":\"ImageObject\",\"@id\":\"https:\/\/orfemedical.com\/en\/product\/threader-micro-dilatation-catheter\/#primaryimage\",\"inLanguage\":\"en-US\",\"url\":\"https:\/\/orfemedical.com\/wp-content\/uploads\/2020\/07\/threader-1.jpg\",\"width\":460,\"height\":460},{\"@type\":\"WebPage\",\"@id\":\"https:\/\/orfemedical.com\/en\/product\/threader-micro-dilatation-catheter\/#webpage\",\"url\":\"https:\/\/orfemedical.com\/en\/product\/threader-micro-dilatation-catheter\/\",\"name\":\"THREADER \\u2122 Micro Dilatation Catheter - Orfe T\\u0131bbi Cihazlar ve Sa\\u011fl\\u0131k \\u00dcr\\u00fcnleri San. Tic. Ltd. \\u015eti.\",\"isPartOf\":{\"@id\":\"https:\/\/orfemedical.com\/#website\"},\"primaryImageOfPage\":{\"@id\":\"https:\/\/orfemedical.com\/en\/product\/threader-micro-dilatation-catheter\/#primaryimage\"},\"datePublished\":\"2021-03-01T10:57:01+00:00\",\"dateModified\":\"2021-03-01T10:57:05+00:00\",\"inLanguage\":\"en-US\",\"potentialAction\":[{\"@type\":\"ReadAction\",\"target\":[\"https:\/\/orfemedical.com\/en\/product\/threader-micro-dilatation-catheter\/\"]}]}]}<\/script>\n<!-- \/ Yoast SEO plugin. -->","_links":{"self":[{"href":"https:\/\/orfemedical.com\/en\/wp-json\/wp\/v2\/product\/6750"}],"collection":[{"href":"https:\/\/orfemedical.com\/en\/wp-json\/wp\/v2\/product"}],"about":[{"href":"https:\/\/orfemedical.com\/en\/wp-json\/wp\/v2\/types\/product"}],"wp:featuredmedia":[{"embeddable":true,"href":"https:\/\/orfemedical.com\/en\/wp-json\/wp\/v2\/media\/6107"}],"wp:attachment":[{"href":"https:\/\/orfemedical.com\/en\/wp-json\/wp\/v2\/media?parent=6750"}],"wp:term":[{"taxonomy":"product_cat","embeddable":true,"href":"https:\/\/orfemedical.com\/en\/wp-json\/wp\/v2\/product_cat?post=6750"},{"taxonomy":"product_tag","embeddable":true,"href":"https:\/\/orfemedical.com\/en\/wp-json\/wp\/v2\/product_tag?post=6750"}],"curies":[{"name":"wp","href":"https:\/\/api.w.org\/{rel}","templated":true}]}}