{"id":6752,"date":"2020-07-20T22:20:38","date_gmt":"2021-03-01T11:00:17","guid":{"rendered":"https:\/\/orfemedical.com\/urun\/passport-balloon\/"},"modified":"2021-12-15T18:09:45","modified_gmt":"2021-12-15T15:09:45","slug":"passport-balloon","status":"publish","type":"product","link":"https:\/\/orfemedical.com\/en\/product\/passport-balloon\/","title":{"rendered":"Passport \u2122 Balloon"},"content":{"rendered":"<p style=\"text-align: left;\">Balloon dilatation catheter mounted on a guidewire designed for radial dilation of the urinary tract with a low profile catheter (3F) for ureteroscopic insertion.<span class=\"gdlr-core-space-shortcode\" style=\"margin-top: 30px ;\"  ><\/span><\/p>\n<section class=\"row bsc-subTitle border-0\">\n<div class=\"col-12 pl-0 pr-0\">\n<div class=\"gdlr-core-widget-box-shortcode \" style=\"color: #ffffff ;background-color: #009fe3 ;\"  ><h3 class=\"gdlr-core-widget-box-shortcode-title\" style=\"color: #ffffff ;\"  >Product Details<\/h3><div class=\"gdlr-core-widget-box-shortcode-content\" ><h6 style=\"text-align: left;\">Incompatible Balloon<\/h6>\n<ul style=\"text-align: left;\">\n<li style=\"text-align: left;\">Designed with specially treated polymers and processes to provide strength to protect its outer diameter during inflation<\/li>\n<li style=\"text-align: left;\">Controlled inflation pressure is up to 8.5ATM, allowing to expand the force in a stricture or ureter constriction.<\/li>\n<li style=\"text-align: left;\">HydroPlus \u2122 Coated balloon surface designed to reduce friction during advancement and retraction<\/li>\n<li style=\"text-align: left;\">Passport balloon mounted on stainless steel wire for single-stage ureteroscopic insertion<\/li>\n<\/ul>\n<h6 style=\"text-align: left;\">Low Profile Catheter<\/h6>\n<ul style=\"text-align: left;\">\n<li style=\"text-align: left;\">3F catheter (minimum working channel 3.4F) designed to proceed with flexible ureteroscopes to reduce downtime or additional scope changes<\/li>\n<\/ul>\n<h6 style=\"text-align: left;\">Product Packaging Options<\/h6>\n<ul>\n<li style=\"text-align: left;\">Available as a kit or as a single balloon<\/li>\n<li style=\"text-align: left;\">Kit includes Passport Balloon and Encore \u2122 26 Manometer Pressure Gauge<\/li>\n<\/ul>\n<p>\n<\/div><\/div><span class=\"gdlr-core-space-shortcode\" style=\"margin-top: 30px ;\"  ><\/span><\/p>\n<table class=\"row-header-table\" border=\"1\" width=\"100%\" cellspacing=\"0\" cellpadding=\"1\">\n<tbody>\n<tr>\n<th valign=\"middle\">Order number<\/th>\n<th valign=\"middle\">UPN<\/th>\n<th valign=\"middle\" width=\"300\">Explanation<\/th>\n<th valign=\"middle\">Size<\/th>\n<th valign=\"middle\">Quantity<\/th>\n<\/tr>\n<tr>\n<td valign=\"middle\">218100<\/td>\n<td valign=\"middle\">M0062181000<\/td>\n<td valign=\"middle\">Passport Balloon Catheter<\/td>\n<td valign=\"middle\">12F x 2cm, 2cm Tip<\/td>\n<td valign=\"middle\">Each one<\/td>\n<\/tr>\n<tr>\n<td valign=\"middle\">218101<\/td>\n<td valign=\"middle\">M0062181010<\/td>\n<td valign=\"middle\">Passport Balloon Catheter<\/td>\n<td valign=\"middle\">12F x 2cm, 4cm Type<\/td>\n<td valign=\"middle\">Each one<\/td>\n<\/tr>\n<tr>\n<td valign=\"middle\">218110<\/td>\n<td valign=\"middle\">M0062181100<\/td>\n<td valign=\"middle\">Passport Balloon Catheter<\/td>\n<td valign=\"middle\">12F x 4cm, 2cm Type<\/td>\n<td valign=\"middle\">Each one<\/td>\n<\/tr>\n<tr>\n<td valign=\"middle\">218111<\/td>\n<td valign=\"middle\">M0062181110<\/td>\n<td valign=\"middle\">Passport Balloon Catheter<\/td>\n<td valign=\"middle\">12F x 4cm, 4cm Type<\/td>\n<td valign=\"middle\">Each one<\/td>\n<\/tr>\n<tr>\n<td valign=\"middle\">218120<\/td>\n<td valign=\"middle\">M0062181200<\/td>\n<td valign=\"middle\">Passport Balloon Catheter Kit<\/td>\n<td valign=\"middle\">12F x 2cm, 2cm Type<\/td>\n<td valign=\"middle\">Each one<\/td>\n<\/tr>\n<tr>\n<td valign=\"middle\">218121<\/td>\n<td valign=\"middle\">M0062181210<\/td>\n<td valign=\"middle\">Passport Balloon Catheter Kit<\/td>\n<td valign=\"middle\">12F x 2cm, 4cm Type<\/td>\n<td valign=\"middle\">Each one<\/td>\n<\/tr>\n<tr>\n<td valign=\"middle\">218130<\/td>\n<td valign=\"middle\">M0062181300<\/td>\n<td valign=\"middle\">Passport Balloon Catheter Kit<\/td>\n<td valign=\"middle\">12F x 4cm, 2cm Type<\/td>\n<td valign=\"middle\">Each one<\/td>\n<\/tr>\n<tr>\n<td valign=\"middle\">218131<\/td>\n<td valign=\"middle\">M0062181310<\/td>\n<td valign=\"middle\">Passport Balloon Catheter Kit<\/td>\n<td valign=\"middle\">12F x 4cm, 4cm Type<\/td>\n<td valign=\"middle\">Each one<\/td>\n<\/tr>\n<\/tbody>\n<\/table>\n<\/div>\n<\/section>\n<section class=\"row bsc-text-block\"><\/section>\n","protected":false},"excerpt":{"rendered":"<p>Balloon dilatation catheter mounted on a guidewire designed for radial dilation of the urinary tract with a low profile catheter (3F) for ureteroscopic insertion.<\/p>\n","protected":false},"featured_media":6105,"template":"","meta":[],"product_cat":[143,183],"product_tag":[],"yoast_head":"<!-- This site is optimized with the Yoast SEO plugin v15.7 - https:\/\/yoast.com\/wordpress\/plugins\/seo\/ -->\n<title>Passport \u2122 Balloon - Orfe T\u0131bbi Cihazlar ve Sa\u011fl\u0131k \u00dcr\u00fcnleri San. Tic. Ltd. \u015eti.<\/title>\n<meta name=\"robots\" content=\"index, follow, max-snippet:-1, max-image-preview:large, max-video-preview:-1\" \/>\n<link rel=\"canonical\" href=\"https:\/\/orfemedical.com\/en\/product\/passport-balloon\/\" \/>\n<meta property=\"og:locale\" content=\"en_US\" \/>\n<meta property=\"og:type\" content=\"article\" \/>\n<meta property=\"og:title\" content=\"Passport \u2122 Balloon - Orfe T\u0131bbi Cihazlar ve Sa\u011fl\u0131k \u00dcr\u00fcnleri San. Tic. Ltd. \u015eti.\" \/>\n<meta property=\"og:description\" content=\"Balloon dilatation catheter mounted on a guidewire designed for radial dilation of the urinary tract with a low profile catheter (3F) for ureteroscopic insertion.\" \/>\n<meta property=\"og:url\" content=\"https:\/\/orfemedical.com\/en\/product\/passport-balloon\/\" \/>\n<meta property=\"og:site_name\" content=\"Orfe T\u0131bbi Cihazlar ve Sa\u011fl\u0131k \u00dcr\u00fcnleri San. Tic. Ltd. \u015eti.\" \/>\n<meta property=\"article:modified_time\" content=\"2021-12-15T15:09:45+00:00\" \/>\n<meta property=\"og:image\" content=\"https:\/\/orfemedical.com\/wp-content\/uploads\/2020\/07\/passport-1.jpg\" \/>\n\t<meta property=\"og:image:width\" content=\"460\" \/>\n\t<meta property=\"og:image:height\" content=\"460\" \/>\n<meta name=\"twitter:card\" content=\"summary_large_image\" \/>\n<meta name=\"twitter:label1\" content=\"Est. reading time\">\n\t<meta name=\"twitter:data1\" content=\"1 minute\">\n<script type=\"application\/ld+json\" class=\"yoast-schema-graph\">{\"@context\":\"https:\/\/schema.org\",\"@graph\":[{\"@type\":\"WebSite\",\"@id\":\"https:\/\/orfemedical.com\/#website\",\"url\":\"https:\/\/orfemedical.com\/\",\"name\":\"Orfe T\\u0131bbi Cihazlar ve Sa\\u011fl\\u0131k \\u00dcr\\u00fcnleri San. Tic. Ltd. \\u015eti.\",\"description\":\"Orfe Medikal\",\"potentialAction\":[{\"@type\":\"SearchAction\",\"target\":\"https:\/\/orfemedical.com\/?s={search_term_string}\",\"query-input\":\"required name=search_term_string\"}],\"inLanguage\":\"en-US\"},{\"@type\":\"ImageObject\",\"@id\":\"https:\/\/orfemedical.com\/en\/product\/passport-balloon\/#primaryimage\",\"inLanguage\":\"en-US\",\"url\":\"https:\/\/orfemedical.com\/wp-content\/uploads\/2020\/07\/passport-1.jpg\",\"width\":460,\"height\":460},{\"@type\":\"WebPage\",\"@id\":\"https:\/\/orfemedical.com\/en\/product\/passport-balloon\/#webpage\",\"url\":\"https:\/\/orfemedical.com\/en\/product\/passport-balloon\/\",\"name\":\"Passport \\u2122 Balloon - Orfe T\\u0131bbi Cihazlar ve Sa\\u011fl\\u0131k \\u00dcr\\u00fcnleri San. Tic. Ltd. \\u015eti.\",\"isPartOf\":{\"@id\":\"https:\/\/orfemedical.com\/#website\"},\"primaryImageOfPage\":{\"@id\":\"https:\/\/orfemedical.com\/en\/product\/passport-balloon\/#primaryimage\"},\"datePublished\":\"2021-03-01T11:00:17+00:00\",\"dateModified\":\"2021-12-15T15:09:45+00:00\",\"inLanguage\":\"en-US\",\"potentialAction\":[{\"@type\":\"ReadAction\",\"target\":[\"https:\/\/orfemedical.com\/en\/product\/passport-balloon\/\"]}]}]}<\/script>\n<!-- \/ Yoast SEO plugin. -->","_links":{"self":[{"href":"https:\/\/orfemedical.com\/en\/wp-json\/wp\/v2\/product\/6752"}],"collection":[{"href":"https:\/\/orfemedical.com\/en\/wp-json\/wp\/v2\/product"}],"about":[{"href":"https:\/\/orfemedical.com\/en\/wp-json\/wp\/v2\/types\/product"}],"wp:featuredmedia":[{"embeddable":true,"href":"https:\/\/orfemedical.com\/en\/wp-json\/wp\/v2\/media\/6105"}],"wp:attachment":[{"href":"https:\/\/orfemedical.com\/en\/wp-json\/wp\/v2\/media?parent=6752"}],"wp:term":[{"taxonomy":"product_cat","embeddable":true,"href":"https:\/\/orfemedical.com\/en\/wp-json\/wp\/v2\/product_cat?post=6752"},{"taxonomy":"product_tag","embeddable":true,"href":"https:\/\/orfemedical.com\/en\/wp-json\/wp\/v2\/product_tag?post=6752"}],"curies":[{"name":"wp","href":"https:\/\/api.w.org\/{rel}","templated":true}]}}