{"id":6756,"date":"2020-07-21T11:29:07","date_gmt":"2021-03-01T11:05:26","guid":{"rendered":"https:\/\/orfemedical.com\/urun\/tria-ureter-stents\/"},"modified":"2021-12-15T17:58:17","modified_gmt":"2021-12-15T14:58:17","slug":"tria-ureter-stents","status":"publish","type":"product","link":"https:\/\/orfemedical.com\/en\/product\/tria-ureter-stents\/","title":{"rendered":"Tria\u2122 Ureter Stents"},"content":{"rendered":"<p>Endopyelotomy stent with a dual diameter and tapered tip HydroPlus\u2122 Coating and Percuflex\u2122 Material designed to minimize trauma during insertion.<\/p>\n<span class=\"gdlr-core-space-shortcode\" style=\"margin-top: 30px ;\"  ><\/span>\n<section class=\"row bsc-subTitle border-0\">\n<div class=\"col-12 pl-0 pr-0\">\n<span class=\"gdlr-core-space-shortcode\" style=\"margin-top: 30px ;\"  ><\/span>\n<div class=\"gdlr-core-widget-box-shortcode \" style=\"color: #ffffff ;background-color: #009fe3 ;\"  ><h3 class=\"gdlr-core-widget-box-shortcode-title\" style=\"color: #ffffff ;\"  >Product Details<\/h3><div class=\"gdlr-core-widget-box-shortcode-content\" ><div class=\"parsys_column cq-colctrl-3d3t1m-c0\">\n<section class=\"row bsc-text-block\">\n<div class=\"parsys_column row cq-colctrl-2d2t1m\">\n<div class=\"parsys_column cq-colctrl-2d2t1m-c1\">\n<section class=\"row bsc-text-block\">\n<h6 style=\"text-align: left;\">Design features<\/h6>\n<ul style=\"text-align: left;\">\n<li>Proprietary Three-layer design covers raw colorant and radiopacity material<\/li>\n<li>Softened by 40% at body temperature designed to increase more patient tolerability&gt;<\/li>\n<li>A large inner lumen and thin outer wall design encourages drainage<\/li>\n<li>Biocompatible material designed to provide up to 365 days of standby time<\/li>\n<\/ul>\n<h6 style=\"text-align: left;\">Placement<\/h6>\n<ul style=\"text-align: left;\">\n<li>Rigid during insertion designed to navigate patient anatomy<\/li>\n<\/ul>\n<h6 style=\"text-align: left;\">Multiple Sizes<\/h6>\n<ul style=\"text-align: left;\">\n<li style=\"text-align: left;\">Available in both soft and hard stent durometers<\/li>\n<li style=\"text-align: left;\">4.8F &#8211; 8F diameter in lengths ranging from 10 cm to 30 cm<\/li>\n<\/ul>\n<\/section>\n<\/div>\n<\/div>\n<\/section>\n<\/div>\n<p>\n<\/div><\/div><span class=\"gdlr-core-space-shortcode\" style=\"margin-top: 30px ;\"  ><\/span><\/p>\n<p>&nbsp;<\/p>\n<\/div>\n<\/section>\n<section class=\"row bsc-text-block\"><\/section>\n","protected":false},"excerpt":{"rendered":"<p>Unlike the others. Manufactured with Percushield \u2122 technology designed to protect against the build-up of both Mg and Ca salts during residue.<\/p>\n","protected":false},"featured_media":6653,"template":"","meta":[],"product_cat":[143,192],"product_tag":[],"yoast_head":"<!-- This site is optimized with the Yoast SEO plugin v15.7 - https:\/\/yoast.com\/wordpress\/plugins\/seo\/ -->\n<title>Tria\u2122 Ureter Stents - Orfe T\u0131bbi Cihazlar ve Sa\u011fl\u0131k \u00dcr\u00fcnleri San. Tic. Ltd. \u015eti.<\/title>\n<meta name=\"robots\" content=\"index, follow, max-snippet:-1, max-image-preview:large, max-video-preview:-1\" \/>\n<link rel=\"canonical\" href=\"https:\/\/orfemedical.com\/en\/product\/tria-ureter-stents\/\" \/>\n<meta property=\"og:locale\" content=\"en_US\" \/>\n<meta property=\"og:type\" content=\"article\" \/>\n<meta property=\"og:title\" content=\"Tria\u2122 Ureter Stents - Orfe T\u0131bbi Cihazlar ve Sa\u011fl\u0131k \u00dcr\u00fcnleri San. Tic. Ltd. \u015eti.\" \/>\n<meta property=\"og:description\" content=\"Unlike the others. Manufactured with Percushield \u2122 technology designed to protect against the build-up of both Mg and Ca salts during residue.\" \/>\n<meta property=\"og:url\" content=\"https:\/\/orfemedical.com\/en\/product\/tria-ureter-stents\/\" \/>\n<meta property=\"og:site_name\" content=\"Orfe T\u0131bbi Cihazlar ve Sa\u011fl\u0131k \u00dcr\u00fcnleri San. Tic. Ltd. \u015eti.\" \/>\n<meta property=\"article:modified_time\" content=\"2021-12-15T14:58:17+00:00\" \/>\n<meta property=\"og:image\" content=\"https:\/\/orfemedical.com\/wp-content\/uploads\/2020\/07\/tria-1.jpg\" \/>\n\t<meta property=\"og:image:width\" content=\"460\" \/>\n\t<meta property=\"og:image:height\" content=\"460\" \/>\n<meta name=\"twitter:card\" content=\"summary_large_image\" \/>\n<meta name=\"twitter:label1\" content=\"Est. reading time\">\n\t<meta name=\"twitter:data1\" content=\"1 minute\">\n<script type=\"application\/ld+json\" class=\"yoast-schema-graph\">{\"@context\":\"https:\/\/schema.org\",\"@graph\":[{\"@type\":\"WebSite\",\"@id\":\"https:\/\/orfemedical.com\/#website\",\"url\":\"https:\/\/orfemedical.com\/\",\"name\":\"Orfe T\\u0131bbi Cihazlar ve Sa\\u011fl\\u0131k \\u00dcr\\u00fcnleri San. Tic. Ltd. \\u015eti.\",\"description\":\"Orfe Medikal\",\"potentialAction\":[{\"@type\":\"SearchAction\",\"target\":\"https:\/\/orfemedical.com\/?s={search_term_string}\",\"query-input\":\"required name=search_term_string\"}],\"inLanguage\":\"en-US\"},{\"@type\":\"ImageObject\",\"@id\":\"https:\/\/orfemedical.com\/en\/product\/tria-ureter-stents\/#primaryimage\",\"inLanguage\":\"en-US\",\"url\":\"https:\/\/orfemedical.com\/wp-content\/uploads\/2020\/07\/tria-1.jpg\",\"width\":460,\"height\":460},{\"@type\":\"WebPage\",\"@id\":\"https:\/\/orfemedical.com\/en\/product\/tria-ureter-stents\/#webpage\",\"url\":\"https:\/\/orfemedical.com\/en\/product\/tria-ureter-stents\/\",\"name\":\"Tria\\u2122 Ureter Stents - Orfe T\\u0131bbi Cihazlar ve Sa\\u011fl\\u0131k \\u00dcr\\u00fcnleri San. Tic. Ltd. \\u015eti.\",\"isPartOf\":{\"@id\":\"https:\/\/orfemedical.com\/#website\"},\"primaryImageOfPage\":{\"@id\":\"https:\/\/orfemedical.com\/en\/product\/tria-ureter-stents\/#primaryimage\"},\"datePublished\":\"2021-03-01T11:05:26+00:00\",\"dateModified\":\"2021-12-15T14:58:17+00:00\",\"inLanguage\":\"en-US\",\"potentialAction\":[{\"@type\":\"ReadAction\",\"target\":[\"https:\/\/orfemedical.com\/en\/product\/tria-ureter-stents\/\"]}]}]}<\/script>\n<!-- \/ Yoast SEO plugin. -->","_links":{"self":[{"href":"https:\/\/orfemedical.com\/en\/wp-json\/wp\/v2\/product\/6756"}],"collection":[{"href":"https:\/\/orfemedical.com\/en\/wp-json\/wp\/v2\/product"}],"about":[{"href":"https:\/\/orfemedical.com\/en\/wp-json\/wp\/v2\/types\/product"}],"wp:featuredmedia":[{"embeddable":true,"href":"https:\/\/orfemedical.com\/en\/wp-json\/wp\/v2\/media\/6653"}],"wp:attachment":[{"href":"https:\/\/orfemedical.com\/en\/wp-json\/wp\/v2\/media?parent=6756"}],"wp:term":[{"taxonomy":"product_cat","embeddable":true,"href":"https:\/\/orfemedical.com\/en\/wp-json\/wp\/v2\/product_cat?post=6756"},{"taxonomy":"product_tag","embeddable":true,"href":"https:\/\/orfemedical.com\/en\/wp-json\/wp\/v2\/product_tag?post=6756"}],"curies":[{"name":"wp","href":"https:\/\/api.w.org\/{rel}","templated":true}]}}