{"id":6774,"date":"2020-07-21T10:45:02","date_gmt":"2021-03-01T11:23:53","guid":{"rendered":"https:\/\/orfemedical.com\/urun\/segura-hemisphere-stone-retrieval-basket\/"},"modified":"2021-12-15T18:00:49","modified_gmt":"2021-12-15T15:00:49","slug":"segura-hemisphere-stone-retrieval-basket","status":"publish","type":"product","link":"https:\/\/orfemedical.com\/en\/product\/segura-hemisphere-stone-retrieval-basket\/","title":{"rendered":"Segura Hemisphere\u2122 Stone Retrieval Basket"},"content":{"rendered":"<p>Successfully complete ureteral cases with the retrieval device that offers the superior strength and shape retention of stainless steel.<\/p>\n<span class=\"gdlr-core-space-shortcode\" style=\"margin-top: 30px ;\"  ><\/span>\n<section class=\"row bsc-subTitle border-0\">\n<div class=\"col-12 pl-0 pr-0\">\n<span class=\"gdlr-core-space-shortcode\" style=\"margin-top: 30px ;\"  ><\/span>\n<div class=\"gdlr-core-widget-box-shortcode \" style=\"color: #ffffff ;background-color: #009fe3 ;\"  ><h3 class=\"gdlr-core-widget-box-shortcode-title\" style=\"color: #ffffff ;\"  >Product Details<\/h3><div class=\"gdlr-core-widget-box-shortcode-content\" ><div class=\"parsys_column cq-colctrl-3d3t1m-c0\">\n<section class=\"row bsc-text-block\">\n<ul>\n<li style=\"text-align: left;\">Round-edged wire designed to reduce ureteral trauma during stone manipulation<\/li>\n<li style=\"text-align: left;\">Designed to maintain basket symmetry during stone catching, even when difficult manipulations are required<\/li>\n<li style=\"text-align: left;\">Produces exceptional wire strength designed for secure grip and reliable retrieval<\/li>\n<\/ul>\n<\/section>\n<\/div>\n<p>\n<\/div><\/div><span class=\"gdlr-core-space-shortcode\" style=\"margin-top: 30px ;\"  ><\/span><\/p>\n<p>&nbsp;<\/p>\n<\/div>\n<\/section>\n<section class=\"row bsc-text-block\"><\/section>\n","protected":false},"excerpt":{"rendered":"<p>Successfully complete ureteral cases with the retrieval device that offers the superior strength and shape retention of stainless steel.<\/p>\n","protected":false},"featured_media":6193,"template":"","meta":[],"product_cat":[143,185],"product_tag":[],"yoast_head":"<!-- This site is optimized with the Yoast SEO plugin v15.7 - https:\/\/yoast.com\/wordpress\/plugins\/seo\/ -->\n<title>Segura Hemisphere\u2122 Stone Retrieval Basket - Orfe T\u0131bbi Cihazlar ve Sa\u011fl\u0131k \u00dcr\u00fcnleri San. Tic. Ltd. \u015eti.<\/title>\n<meta name=\"robots\" content=\"index, follow, max-snippet:-1, max-image-preview:large, max-video-preview:-1\" \/>\n<link rel=\"canonical\" href=\"https:\/\/orfemedical.com\/en\/product\/segura-hemisphere-stone-retrieval-basket\/\" \/>\n<meta property=\"og:locale\" content=\"en_US\" \/>\n<meta property=\"og:type\" content=\"article\" \/>\n<meta property=\"og:title\" content=\"Segura Hemisphere\u2122 Stone Retrieval Basket - Orfe T\u0131bbi Cihazlar ve Sa\u011fl\u0131k \u00dcr\u00fcnleri San. Tic. Ltd. \u015eti.\" \/>\n<meta property=\"og:description\" content=\"Successfully complete ureteral cases with the retrieval device that offers the superior strength and shape retention of stainless steel.\" \/>\n<meta property=\"og:url\" content=\"https:\/\/orfemedical.com\/en\/product\/segura-hemisphere-stone-retrieval-basket\/\" \/>\n<meta property=\"og:site_name\" content=\"Orfe T\u0131bbi Cihazlar ve Sa\u011fl\u0131k \u00dcr\u00fcnleri San. Tic. Ltd. \u015eti.\" \/>\n<meta property=\"article:modified_time\" content=\"2021-12-15T15:00:49+00:00\" \/>\n<meta property=\"og:image\" content=\"https:\/\/orfemedical.com\/wp-content\/uploads\/2020\/07\/Segura-1.jpg\" \/>\n\t<meta property=\"og:image:width\" content=\"460\" \/>\n\t<meta property=\"og:image:height\" content=\"460\" \/>\n<meta name=\"twitter:card\" content=\"summary_large_image\" \/>\n<script type=\"application\/ld+json\" class=\"yoast-schema-graph\">{\"@context\":\"https:\/\/schema.org\",\"@graph\":[{\"@type\":\"WebSite\",\"@id\":\"https:\/\/orfemedical.com\/#website\",\"url\":\"https:\/\/orfemedical.com\/\",\"name\":\"Orfe T\\u0131bbi Cihazlar ve Sa\\u011fl\\u0131k \\u00dcr\\u00fcnleri San. Tic. Ltd. \\u015eti.\",\"description\":\"Orfe Medikal\",\"potentialAction\":[{\"@type\":\"SearchAction\",\"target\":\"https:\/\/orfemedical.com\/?s={search_term_string}\",\"query-input\":\"required name=search_term_string\"}],\"inLanguage\":\"en-US\"},{\"@type\":\"ImageObject\",\"@id\":\"https:\/\/orfemedical.com\/en\/product\/segura-hemisphere-stone-retrieval-basket\/#primaryimage\",\"inLanguage\":\"en-US\",\"url\":\"https:\/\/orfemedical.com\/wp-content\/uploads\/2020\/07\/Segura-1.jpg\",\"width\":460,\"height\":460},{\"@type\":\"WebPage\",\"@id\":\"https:\/\/orfemedical.com\/en\/product\/segura-hemisphere-stone-retrieval-basket\/#webpage\",\"url\":\"https:\/\/orfemedical.com\/en\/product\/segura-hemisphere-stone-retrieval-basket\/\",\"name\":\"Segura Hemisphere\\u2122 Stone Retrieval Basket - Orfe T\\u0131bbi Cihazlar ve Sa\\u011fl\\u0131k \\u00dcr\\u00fcnleri San. Tic. Ltd. \\u015eti.\",\"isPartOf\":{\"@id\":\"https:\/\/orfemedical.com\/#website\"},\"primaryImageOfPage\":{\"@id\":\"https:\/\/orfemedical.com\/en\/product\/segura-hemisphere-stone-retrieval-basket\/#primaryimage\"},\"datePublished\":\"2021-03-01T11:23:53+00:00\",\"dateModified\":\"2021-12-15T15:00:49+00:00\",\"inLanguage\":\"en-US\",\"potentialAction\":[{\"@type\":\"ReadAction\",\"target\":[\"https:\/\/orfemedical.com\/en\/product\/segura-hemisphere-stone-retrieval-basket\/\"]}]}]}<\/script>\n<!-- \/ Yoast SEO plugin. -->","_links":{"self":[{"href":"https:\/\/orfemedical.com\/en\/wp-json\/wp\/v2\/product\/6774"}],"collection":[{"href":"https:\/\/orfemedical.com\/en\/wp-json\/wp\/v2\/product"}],"about":[{"href":"https:\/\/orfemedical.com\/en\/wp-json\/wp\/v2\/types\/product"}],"wp:featuredmedia":[{"embeddable":true,"href":"https:\/\/orfemedical.com\/en\/wp-json\/wp\/v2\/media\/6193"}],"wp:attachment":[{"href":"https:\/\/orfemedical.com\/en\/wp-json\/wp\/v2\/media?parent=6774"}],"wp:term":[{"taxonomy":"product_cat","embeddable":true,"href":"https:\/\/orfemedical.com\/en\/wp-json\/wp\/v2\/product_cat?post=6774"},{"taxonomy":"product_tag","embeddable":true,"href":"https:\/\/orfemedical.com\/en\/wp-json\/wp\/v2\/product_tag?post=6774"}],"curies":[{"name":"wp","href":"https:\/\/api.w.org\/{rel}","templated":true}]}}