{"id":6783,"date":"2020-07-20T23:14:14","date_gmt":"2021-03-01T11:34:09","guid":{"rendered":"https:\/\/orfemedical.com\/urun\/encore-26-inflation\/"},"modified":"2021-12-15T18:08:22","modified_gmt":"2021-12-15T15:08:22","slug":"encore-26-inflation","status":"publish","type":"product","link":"https:\/\/orfemedical.com\/en\/product\/encore-26-inflation\/","title":{"rendered":"Encore \u2122 26 Inflation"},"content":{"rendered":"<p>High pressure inflation device designed to apply pressure for balloon inflation and deflation.<span class=\"gdlr-core-space-shortcode\" style=\"margin-top: 30px ;\"  ><\/span><\/p>\n<section class=\"row bsc-subTitle border-0\">\n<div class=\"col-12 pl-0 pr-0\">\n<div class=\"gdlr-core-widget-box-shortcode \" style=\"color: #ffffff ;background-color: #009fe3 ;\"  ><h3 class=\"gdlr-core-widget-box-shortcode-title\" style=\"color: #ffffff ;\"  >Product Details<\/h3><div class=\"gdlr-core-widget-box-shortcode-content\" ><ul>\n<li style=\"text-align: left;\">Encore Inflation Device helps controlled single-stage balloon inflation<\/li>\n<li style=\"text-align: left;\">20ml inflating capacity with pressure gauge<\/li>\n<li style=\"text-align: left;\">Large pressure gauge dial with finger latch mechanism for 1-stage locking and pressure relief<\/li>\n<\/ul>\n<p>\n<\/div><\/div><span class=\"gdlr-core-space-shortcode\" style=\"margin-top: 30px ;\"  ><\/span><\/p>\n<table class=\"row-header-table\" border=\"1\" width=\"100%\" cellspacing=\"0\" cellpadding=\"1\">\n<tbody>\n<tr>\n<th valign=\"middle\" width=\"110\">Order number<\/th>\n<th valign=\"middle\" width=\"110\">UPN<\/th>\n<th valign=\"middle\" width=\"120\">Explanation<\/th>\n<th valign=\"middle\" width=\"80\">Size<\/th>\n<th valign=\"middle\" width=\"90\">Quantity<\/th>\n<\/tr>\n<tr>\n<td valign=\"middle\" width=\"110\">710114<\/td>\n<td valign=\"middle\" width=\"110\">M0067101140<\/td>\n<td valign=\"middle\" width=\"120\">Encore \u2122 26 Inflation<\/td>\n<td valign=\"middle\" width=\"80\">20cc<\/td>\n<td valign=\"middle\" width=\"90\">Each one<\/td>\n<\/tr>\n<tr>\n<td valign=\"middle\" width=\"110\">710113<\/td>\n<td valign=\"middle\" width=\"110\">M0067101131<\/td>\n<td valign=\"middle\" width=\"120\">Encore \u2122 26 Inflation<\/td>\n<td valign=\"middle\" width=\"80\">20cc<\/td>\n<td valign=\"middle\" width=\"90\">5 Box<\/td>\n<\/tr>\n<\/tbody>\n<\/table>\n<\/div>\n<\/section>\n<section class=\"row bsc-text-block\"><\/section>\n","protected":false},"excerpt":{"rendered":"<p>High pressure inflation device designed to apply pressure for balloon inflation and deflation.<\/p>\n","protected":false},"featured_media":6123,"template":"","meta":[],"product_cat":[143,180],"product_tag":[],"yoast_head":"<!-- This site is optimized with the Yoast SEO plugin v15.7 - https:\/\/yoast.com\/wordpress\/plugins\/seo\/ -->\n<title>Encore \u2122 26 Inflation - Orfe T\u0131bbi Cihazlar ve Sa\u011fl\u0131k \u00dcr\u00fcnleri San. Tic. Ltd. \u015eti.<\/title>\n<meta name=\"robots\" content=\"index, follow, max-snippet:-1, max-image-preview:large, max-video-preview:-1\" \/>\n<link rel=\"canonical\" href=\"https:\/\/orfemedical.com\/en\/product\/encore-26-inflation\/\" \/>\n<meta property=\"og:locale\" content=\"en_US\" \/>\n<meta property=\"og:type\" content=\"article\" \/>\n<meta property=\"og:title\" content=\"Encore \u2122 26 Inflation - Orfe T\u0131bbi Cihazlar ve Sa\u011fl\u0131k \u00dcr\u00fcnleri San. Tic. Ltd. \u015eti.\" \/>\n<meta property=\"og:description\" content=\"High pressure inflation device designed to apply pressure for balloon inflation and deflation.\" \/>\n<meta property=\"og:url\" content=\"https:\/\/orfemedical.com\/en\/product\/encore-26-inflation\/\" \/>\n<meta property=\"og:site_name\" content=\"Orfe T\u0131bbi Cihazlar ve Sa\u011fl\u0131k \u00dcr\u00fcnleri San. Tic. Ltd. \u015eti.\" \/>\n<meta property=\"article:modified_time\" content=\"2021-12-15T15:08:22+00:00\" \/>\n<meta property=\"og:image\" content=\"https:\/\/orfemedical.com\/wp-content\/uploads\/2020\/07\/encore-1.jpg\" \/>\n\t<meta property=\"og:image:width\" content=\"460\" \/>\n\t<meta property=\"og:image:height\" content=\"460\" \/>\n<meta name=\"twitter:card\" content=\"summary_large_image\" \/>\n<script type=\"application\/ld+json\" class=\"yoast-schema-graph\">{\"@context\":\"https:\/\/schema.org\",\"@graph\":[{\"@type\":\"WebSite\",\"@id\":\"https:\/\/orfemedical.com\/#website\",\"url\":\"https:\/\/orfemedical.com\/\",\"name\":\"Orfe T\\u0131bbi Cihazlar ve Sa\\u011fl\\u0131k \\u00dcr\\u00fcnleri San. Tic. Ltd. \\u015eti.\",\"description\":\"Orfe Medikal\",\"potentialAction\":[{\"@type\":\"SearchAction\",\"target\":\"https:\/\/orfemedical.com\/?s={search_term_string}\",\"query-input\":\"required name=search_term_string\"}],\"inLanguage\":\"en-US\"},{\"@type\":\"ImageObject\",\"@id\":\"https:\/\/orfemedical.com\/en\/product\/encore-26-inflation\/#primaryimage\",\"inLanguage\":\"en-US\",\"url\":\"https:\/\/orfemedical.com\/wp-content\/uploads\/2020\/07\/encore-1.jpg\",\"width\":460,\"height\":460},{\"@type\":\"WebPage\",\"@id\":\"https:\/\/orfemedical.com\/en\/product\/encore-26-inflation\/#webpage\",\"url\":\"https:\/\/orfemedical.com\/en\/product\/encore-26-inflation\/\",\"name\":\"Encore \\u2122 26 Inflation - Orfe T\\u0131bbi Cihazlar ve Sa\\u011fl\\u0131k \\u00dcr\\u00fcnleri San. Tic. Ltd. \\u015eti.\",\"isPartOf\":{\"@id\":\"https:\/\/orfemedical.com\/#website\"},\"primaryImageOfPage\":{\"@id\":\"https:\/\/orfemedical.com\/en\/product\/encore-26-inflation\/#primaryimage\"},\"datePublished\":\"2021-03-01T11:34:09+00:00\",\"dateModified\":\"2021-12-15T15:08:22+00:00\",\"inLanguage\":\"en-US\",\"potentialAction\":[{\"@type\":\"ReadAction\",\"target\":[\"https:\/\/orfemedical.com\/en\/product\/encore-26-inflation\/\"]}]}]}<\/script>\n<!-- \/ Yoast SEO plugin. -->","_links":{"self":[{"href":"https:\/\/orfemedical.com\/en\/wp-json\/wp\/v2\/product\/6783"}],"collection":[{"href":"https:\/\/orfemedical.com\/en\/wp-json\/wp\/v2\/product"}],"about":[{"href":"https:\/\/orfemedical.com\/en\/wp-json\/wp\/v2\/types\/product"}],"wp:featuredmedia":[{"embeddable":true,"href":"https:\/\/orfemedical.com\/en\/wp-json\/wp\/v2\/media\/6123"}],"wp:attachment":[{"href":"https:\/\/orfemedical.com\/en\/wp-json\/wp\/v2\/media?parent=6783"}],"wp:term":[{"taxonomy":"product_cat","embeddable":true,"href":"https:\/\/orfemedical.com\/en\/wp-json\/wp\/v2\/product_cat?post=6783"},{"taxonomy":"product_tag","embeddable":true,"href":"https:\/\/orfemedical.com\/en\/wp-json\/wp\/v2\/product_tag?post=6783"}],"curies":[{"name":"wp","href":"https:\/\/api.w.org\/{rel}","templated":true}]}}