{"id":6788,"date":"2020-07-21T10:17:45","date_gmt":"2021-03-01T11:37:46","guid":{"rendered":"https:\/\/orfemedical.com\/urun\/bagley-helical-stone-retrieval-basket\/"},"modified":"2021-12-15T18:02:55","modified_gmt":"2021-12-15T15:02:55","slug":"bagley-helical-stone-retrieval-basket","status":"publish","type":"product","link":"https:\/\/orfemedical.com\/en\/product\/bagley-helical-stone-retrieval-basket\/","title":{"rendered":"Bagley Helical\u2122 Stone Retrieval Basket"},"content":{"rendered":"<p>Spiral basket designed to remove ureteric stones.<\/p>\n<span class=\"gdlr-core-space-shortcode\" style=\"margin-top: 30px ;\"  ><\/span>\n<section class=\"row bsc-subTitle border-0\">\n<div class=\"col-12 pl-0 pr-0\">\n<span class=\"gdlr-core-space-shortcode\" style=\"margin-top: 30px ;\"  ><\/span>\n<div class=\"gdlr-core-widget-box-shortcode \" style=\"color: #ffffff ;background-color: #009fe3 ;\"  ><h3 class=\"gdlr-core-widget-box-shortcode-title\" style=\"color: #ffffff ;\"  >Product Details<\/h3><div class=\"gdlr-core-widget-box-shortcode-content\" ><h6 style=\"text-align: left;\">3-Wire Helical Design<\/h6>\n<ul style=\"text-align: left;\">\n<li>Design encourages stones to be caught and gripped securely<\/li>\n<li>10mm basket OD<\/li>\n<\/ul>\n<h6 style=\"text-align: left;\">1.9F Case<\/h6>\n<ul>\n<li style=\"text-align: left;\">In the 3.6F working channel, the 1.9F sheath offers 41% more irrigation flow than the 2.2F sheath and 128% more than the 2.4F sheath.<\/li>\n<\/ul>\n<p>\n<\/div><\/div><span class=\"gdlr-core-space-shortcode\" style=\"margin-top: 30px ;\"  ><\/span><\/p>\n<p>&nbsp;<\/p>\n<\/div>\n<\/section>\n<section class=\"row bsc-text-block\"><\/section>\n","protected":false},"excerpt":{"rendered":"<p>Spiral basket designed to remove ureteric stones.<\/p>\n","protected":false},"featured_media":6175,"template":"","meta":[],"product_cat":[143,185],"product_tag":[],"yoast_head":"<!-- This site is optimized with the Yoast SEO plugin v15.7 - https:\/\/yoast.com\/wordpress\/plugins\/seo\/ -->\n<title>Bagley Helical\u2122 Stone Retrieval Basket - Orfe T\u0131bbi Cihazlar ve Sa\u011fl\u0131k \u00dcr\u00fcnleri San. Tic. Ltd. \u015eti.<\/title>\n<meta name=\"robots\" content=\"index, follow, max-snippet:-1, max-image-preview:large, max-video-preview:-1\" \/>\n<link rel=\"canonical\" href=\"https:\/\/orfemedical.com\/en\/product\/bagley-helical-stone-retrieval-basket\/\" \/>\n<meta property=\"og:locale\" content=\"en_US\" \/>\n<meta property=\"og:type\" content=\"article\" \/>\n<meta property=\"og:title\" content=\"Bagley Helical\u2122 Stone Retrieval Basket - Orfe T\u0131bbi Cihazlar ve Sa\u011fl\u0131k \u00dcr\u00fcnleri San. Tic. Ltd. \u015eti.\" \/>\n<meta property=\"og:description\" content=\"Spiral basket designed to remove ureteric stones.\" \/>\n<meta property=\"og:url\" content=\"https:\/\/orfemedical.com\/en\/product\/bagley-helical-stone-retrieval-basket\/\" \/>\n<meta property=\"og:site_name\" content=\"Orfe T\u0131bbi Cihazlar ve Sa\u011fl\u0131k \u00dcr\u00fcnleri San. Tic. Ltd. \u015eti.\" \/>\n<meta property=\"article:modified_time\" content=\"2021-12-15T15:02:55+00:00\" \/>\n<meta property=\"og:image\" content=\"https:\/\/orfemedical.com\/wp-content\/uploads\/2020\/07\/Bagley-1.jpg\" \/>\n\t<meta property=\"og:image:width\" content=\"460\" \/>\n\t<meta property=\"og:image:height\" content=\"460\" \/>\n<meta name=\"twitter:card\" content=\"summary_large_image\" \/>\n<script type=\"application\/ld+json\" class=\"yoast-schema-graph\">{\"@context\":\"https:\/\/schema.org\",\"@graph\":[{\"@type\":\"WebSite\",\"@id\":\"https:\/\/orfemedical.com\/#website\",\"url\":\"https:\/\/orfemedical.com\/\",\"name\":\"Orfe T\\u0131bbi Cihazlar ve Sa\\u011fl\\u0131k \\u00dcr\\u00fcnleri San. Tic. Ltd. \\u015eti.\",\"description\":\"Orfe Medikal\",\"potentialAction\":[{\"@type\":\"SearchAction\",\"target\":\"https:\/\/orfemedical.com\/?s={search_term_string}\",\"query-input\":\"required name=search_term_string\"}],\"inLanguage\":\"en-US\"},{\"@type\":\"ImageObject\",\"@id\":\"https:\/\/orfemedical.com\/en\/product\/bagley-helical-stone-retrieval-basket\/#primaryimage\",\"inLanguage\":\"en-US\",\"url\":\"https:\/\/orfemedical.com\/wp-content\/uploads\/2020\/07\/Bagley-1.jpg\",\"width\":460,\"height\":460},{\"@type\":\"WebPage\",\"@id\":\"https:\/\/orfemedical.com\/en\/product\/bagley-helical-stone-retrieval-basket\/#webpage\",\"url\":\"https:\/\/orfemedical.com\/en\/product\/bagley-helical-stone-retrieval-basket\/\",\"name\":\"Bagley Helical\\u2122 Stone Retrieval Basket - Orfe T\\u0131bbi Cihazlar ve Sa\\u011fl\\u0131k \\u00dcr\\u00fcnleri San. Tic. Ltd. \\u015eti.\",\"isPartOf\":{\"@id\":\"https:\/\/orfemedical.com\/#website\"},\"primaryImageOfPage\":{\"@id\":\"https:\/\/orfemedical.com\/en\/product\/bagley-helical-stone-retrieval-basket\/#primaryimage\"},\"datePublished\":\"2021-03-01T11:37:46+00:00\",\"dateModified\":\"2021-12-15T15:02:55+00:00\",\"inLanguage\":\"en-US\",\"potentialAction\":[{\"@type\":\"ReadAction\",\"target\":[\"https:\/\/orfemedical.com\/en\/product\/bagley-helical-stone-retrieval-basket\/\"]}]}]}<\/script>\n<!-- \/ Yoast SEO plugin. -->","_links":{"self":[{"href":"https:\/\/orfemedical.com\/en\/wp-json\/wp\/v2\/product\/6788"}],"collection":[{"href":"https:\/\/orfemedical.com\/en\/wp-json\/wp\/v2\/product"}],"about":[{"href":"https:\/\/orfemedical.com\/en\/wp-json\/wp\/v2\/types\/product"}],"wp:featuredmedia":[{"embeddable":true,"href":"https:\/\/orfemedical.com\/en\/wp-json\/wp\/v2\/media\/6175"}],"wp:attachment":[{"href":"https:\/\/orfemedical.com\/en\/wp-json\/wp\/v2\/media?parent=6788"}],"wp:term":[{"taxonomy":"product_cat","embeddable":true,"href":"https:\/\/orfemedical.com\/en\/wp-json\/wp\/v2\/product_cat?post=6788"},{"taxonomy":"product_tag","embeddable":true,"href":"https:\/\/orfemedical.com\/en\/wp-json\/wp\/v2\/product_tag?post=6788"}],"curies":[{"name":"wp","href":"https:\/\/api.w.org\/{rel}","templated":true}]}}