{"id":6794,"date":"2020-07-21T10:10:20","date_gmt":"2021-03-01T11:41:14","guid":{"rendered":"https:\/\/orfemedical.com\/urun\/ams-700-inflatable-penile-implants\/"},"modified":"2021-12-15T17:08:48","modified_gmt":"2021-12-15T14:08:48","slug":"ams-700-inflatable-penile-implants","status":"publish","type":"product","link":"https:\/\/orfemedical.com\/en\/product\/ams-700-inflatable-penile-implants\/","title":{"rendered":"AMS 700\u2122 Inflatable Penile Implants"},"content":{"rendered":"<p>Our most popular line of inflatable prostheses offers a combination of features focused on both surgeon and patient satisfaction. It can be used with pre-connected cylinders and pump with or without pump for infrapubic or penoscrotal approach.<\/p>\n<span class=\"gdlr-core-space-shortcode\" style=\"margin-top: 30px ;\"  ><\/span>\n<section class=\"row bsc-subTitle border-0\">\n<div class=\"col-12 pl-0 pr-0\">\n<span class=\"gdlr-core-space-shortcode\" style=\"margin-top: 30px ;\"  ><\/span>\n<div class=\"gdlr-core-widget-box-shortcode \" style=\"color: #ffffff ;background-color: #009fe3 ;\"  ><h3 class=\"gdlr-core-widget-box-shortcode-title\" style=\"color: #ffffff ;\"  >Product Details<\/h3><div class=\"gdlr-core-widget-box-shortcode-content\" ><ul>\n<li style=\"text-align: left;\"><span class=\"bsc-body-text\">AMS 700\u2122 <\/span><span class=\"bsc-body-text\">LGX Penile Implant: The only penile implant on the market with cylinders designed to expand in width and length by up to 25%.<\/span><\/li>\n<li style=\"text-align: left;\"><span class=\"bsc-body-text\">AMS 700\u2122 <\/span><span class=\"bsc-body-text\">CX Penile Prosthesis: Controlled expansion rollers optimize circumference and offer additional length options<\/span><\/li>\n<li style=\"text-align: left;\"><span class=\"bsc-body-text\">AMS 700\u2122 <\/span>CXR Penile Prosthesis: All the benefits of an IPP including girth eXpension for patients who need smaller rollers (e.g. injured or with sclerotic corpora)<\/li>\n<\/ul>\n<p>\n<\/div><\/div><span class=\"gdlr-core-space-shortcode\" style=\"margin-top: 30px ;\"  ><\/span><\/p>\n<p>&nbsp;<\/p>\n<\/div>\n<\/section>\n<section class=\"row bsc-text-block\"><\/section>\n","protected":false},"excerpt":{"rendered":"<p>Our most popular line of inflatable prostheses offers a combination of features focused on both surgeon and patient satisfaction. It can be used with pre-connected cylinders and pump with or without pump for infrapubic or penoscrotal approach.<\/p>\n","protected":false},"featured_media":6168,"template":"","meta":[],"product_cat":[143,190],"product_tag":[209],"yoast_head":"<!-- This site is optimized with the Yoast SEO plugin v15.7 - https:\/\/yoast.com\/wordpress\/plugins\/seo\/ -->\n<title>AMS 700\u2122 Inflatable Penile Implants - Orfe T\u0131bbi Cihazlar ve Sa\u011fl\u0131k \u00dcr\u00fcnleri San. Tic. Ltd. \u015eti.<\/title>\n<meta name=\"robots\" content=\"index, follow, max-snippet:-1, max-image-preview:large, max-video-preview:-1\" \/>\n<link rel=\"canonical\" href=\"https:\/\/orfemedical.com\/en\/product\/ams-700-inflatable-penile-implants\/\" \/>\n<meta property=\"og:locale\" content=\"en_US\" \/>\n<meta property=\"og:type\" content=\"article\" \/>\n<meta property=\"og:title\" content=\"AMS 700\u2122 Inflatable Penile Implants - Orfe T\u0131bbi Cihazlar ve Sa\u011fl\u0131k \u00dcr\u00fcnleri San. Tic. Ltd. \u015eti.\" \/>\n<meta property=\"og:description\" content=\"Our most popular line of inflatable prostheses offers a combination of features focused on both surgeon and patient satisfaction. It can be used with pre-connected cylinders and pump with or without pump for infrapubic or penoscrotal approach.\" \/>\n<meta property=\"og:url\" content=\"https:\/\/orfemedical.com\/en\/product\/ams-700-inflatable-penile-implants\/\" \/>\n<meta property=\"og:site_name\" content=\"Orfe T\u0131bbi Cihazlar ve Sa\u011fl\u0131k \u00dcr\u00fcnleri San. Tic. Ltd. \u015eti.\" \/>\n<meta property=\"article:modified_time\" content=\"2021-12-15T14:08:48+00:00\" \/>\n<meta property=\"og:image\" content=\"https:\/\/orfemedical.com\/wp-content\/uploads\/2020\/07\/AMS700-1.jpg\" \/>\n\t<meta property=\"og:image:width\" content=\"460\" \/>\n\t<meta property=\"og:image:height\" content=\"460\" \/>\n<meta name=\"twitter:card\" content=\"summary_large_image\" \/>\n<meta name=\"twitter:label1\" content=\"Est. reading time\">\n\t<meta name=\"twitter:data1\" content=\"1 minute\">\n<script type=\"application\/ld+json\" class=\"yoast-schema-graph\">{\"@context\":\"https:\/\/schema.org\",\"@graph\":[{\"@type\":\"WebSite\",\"@id\":\"https:\/\/orfemedical.com\/#website\",\"url\":\"https:\/\/orfemedical.com\/\",\"name\":\"Orfe T\\u0131bbi Cihazlar ve Sa\\u011fl\\u0131k \\u00dcr\\u00fcnleri San. Tic. Ltd. \\u015eti.\",\"description\":\"Orfe Medikal\",\"potentialAction\":[{\"@type\":\"SearchAction\",\"target\":\"https:\/\/orfemedical.com\/?s={search_term_string}\",\"query-input\":\"required name=search_term_string\"}],\"inLanguage\":\"en-US\"},{\"@type\":\"ImageObject\",\"@id\":\"https:\/\/orfemedical.com\/en\/product\/ams-700-inflatable-penile-implants\/#primaryimage\",\"inLanguage\":\"en-US\",\"url\":\"https:\/\/orfemedical.com\/wp-content\/uploads\/2020\/07\/AMS700-1.jpg\",\"width\":460,\"height\":460},{\"@type\":\"WebPage\",\"@id\":\"https:\/\/orfemedical.com\/en\/product\/ams-700-inflatable-penile-implants\/#webpage\",\"url\":\"https:\/\/orfemedical.com\/en\/product\/ams-700-inflatable-penile-implants\/\",\"name\":\"AMS 700\\u2122 Inflatable Penile Implants - Orfe T\\u0131bbi Cihazlar ve Sa\\u011fl\\u0131k \\u00dcr\\u00fcnleri San. Tic. Ltd. \\u015eti.\",\"isPartOf\":{\"@id\":\"https:\/\/orfemedical.com\/#website\"},\"primaryImageOfPage\":{\"@id\":\"https:\/\/orfemedical.com\/en\/product\/ams-700-inflatable-penile-implants\/#primaryimage\"},\"datePublished\":\"2021-03-01T11:41:14+00:00\",\"dateModified\":\"2021-12-15T14:08:48+00:00\",\"inLanguage\":\"en-US\",\"potentialAction\":[{\"@type\":\"ReadAction\",\"target\":[\"https:\/\/orfemedical.com\/en\/product\/ams-700-inflatable-penile-implants\/\"]}]}]}<\/script>\n<!-- \/ Yoast SEO plugin. -->","_links":{"self":[{"href":"https:\/\/orfemedical.com\/en\/wp-json\/wp\/v2\/product\/6794"}],"collection":[{"href":"https:\/\/orfemedical.com\/en\/wp-json\/wp\/v2\/product"}],"about":[{"href":"https:\/\/orfemedical.com\/en\/wp-json\/wp\/v2\/types\/product"}],"wp:featuredmedia":[{"embeddable":true,"href":"https:\/\/orfemedical.com\/en\/wp-json\/wp\/v2\/media\/6168"}],"wp:attachment":[{"href":"https:\/\/orfemedical.com\/en\/wp-json\/wp\/v2\/media?parent=6794"}],"wp:term":[{"taxonomy":"product_cat","embeddable":true,"href":"https:\/\/orfemedical.com\/en\/wp-json\/wp\/v2\/product_cat?post=6794"},{"taxonomy":"product_tag","embeddable":true,"href":"https:\/\/orfemedical.com\/en\/wp-json\/wp\/v2\/product_tag?post=6794"}],"curies":[{"name":"wp","href":"https:\/\/api.w.org\/{rel}","templated":true}]}}