{"id":6811,"date":"2020-07-21T00:20:53","date_gmt":"2021-03-01T11:59:42","guid":{"rendered":"https:\/\/orfemedical.com\/urun\/greenlight-xps-laser-therapy-system\/"},"modified":"2021-12-15T18:06:03","modified_gmt":"2021-12-15T15:06:03","slug":"greenlight-xps-laser-therapy-system","status":"publish","type":"product","link":"https:\/\/orfemedical.com\/en\/product\/greenlight-xps-laser-therapy-system\/","title":{"rendered":"GreenLight XPS\u2122 Laser Therapy System"},"content":{"rendered":"<p>The GreenLight XPS\u2122 Laser Therapy System is a 180W, 532nm wavelength laser for the treatment of benign prostatic hyperplasia (BPH). It redefines the standard of care for BPH.<span class=\"gdlr-core-space-shortcode\" style=\"margin-top: 30px ;\"  ><\/span><\/p>\n<section class=\"row bsc-subTitle border-0\">\n<div class=\"col-12 pl-0 pr-0\">\n<span class=\"gdlr-core-space-shortcode\" style=\"margin-top: 30px ;\"  ><\/span>\n<div class=\"gdlr-core-widget-box-shortcode \" style=\"color: #ffffff ;background-color: #009fe3 ;\"  ><h3 class=\"gdlr-core-widget-box-shortcode-title\" style=\"color: #ffffff ;\"  >Product Details<\/h3><div class=\"gdlr-core-widget-box-shortcode-content\" ><p style=\"text-align: left;\">Built on the GreenLight HPS\u2122 system, the GreenLight XPS\u2122 system increases the power and area of the laser beam by 50%, providing a wider texture evaporation effect without sacrificing evaporation or coagulation depth. It limits penetration by leaving a thin edge of coagulated tissue that helps with hemostasis. It has been found to be less costly than TURP while providing similar clinical results. The system can be used for patients using anticoagulants, with urinary retention or &gt; with glands larger than 100 ml.<\/p>\n<p>\n<\/div><\/div><span class=\"gdlr-core-space-shortcode\" style=\"margin-top: 30px ;\"  ><\/span><\/p>\n<\/div>\n<\/section>\n<section class=\"row bsc-text-block\"><\/section>\n","protected":false},"excerpt":{"rendered":"<p>The GreenLight XPS\u2122 Laser Therapy System is a 180W, 532nm wavelength laser for the treatment of benign prostatic hyperplasia (BPH). It redefines the standard of care for BPH.<\/p>\n","protected":false},"featured_media":6144,"template":"","meta":[],"product_cat":[143,189],"product_tag":[],"yoast_head":"<!-- This site is optimized with the Yoast SEO plugin v15.7 - https:\/\/yoast.com\/wordpress\/plugins\/seo\/ -->\n<title>GreenLight XPS\u2122 Laser Therapy System - Orfe T\u0131bbi Cihazlar ve Sa\u011fl\u0131k \u00dcr\u00fcnleri San. Tic. Ltd. \u015eti.<\/title>\n<meta name=\"robots\" content=\"index, follow, max-snippet:-1, max-image-preview:large, max-video-preview:-1\" \/>\n<link rel=\"canonical\" href=\"https:\/\/orfemedical.com\/en\/product\/greenlight-xps-laser-therapy-system\/\" \/>\n<meta property=\"og:locale\" content=\"en_US\" \/>\n<meta property=\"og:type\" content=\"article\" \/>\n<meta property=\"og:title\" content=\"GreenLight XPS\u2122 Laser Therapy System - Orfe T\u0131bbi Cihazlar ve Sa\u011fl\u0131k \u00dcr\u00fcnleri San. Tic. Ltd. \u015eti.\" \/>\n<meta property=\"og:description\" content=\"The GreenLight XPS\u2122 Laser Therapy System is a 180W, 532nm wavelength laser for the treatment of benign prostatic hyperplasia (BPH). It redefines the standard of care for BPH.\" \/>\n<meta property=\"og:url\" content=\"https:\/\/orfemedical.com\/en\/product\/greenlight-xps-laser-therapy-system\/\" \/>\n<meta property=\"og:site_name\" content=\"Orfe T\u0131bbi Cihazlar ve Sa\u011fl\u0131k \u00dcr\u00fcnleri San. Tic. Ltd. \u015eti.\" \/>\n<meta property=\"article:modified_time\" content=\"2021-12-15T15:06:03+00:00\" \/>\n<meta property=\"og:image\" content=\"https:\/\/orfemedical.com\/wp-content\/uploads\/2020\/07\/ams-greenlight-1.jpg\" \/>\n\t<meta property=\"og:image:width\" content=\"460\" \/>\n\t<meta property=\"og:image:height\" content=\"460\" \/>\n<meta name=\"twitter:card\" content=\"summary_large_image\" \/>\n<meta name=\"twitter:label1\" content=\"Est. reading time\">\n\t<meta name=\"twitter:data1\" content=\"1 minute\">\n<script type=\"application\/ld+json\" class=\"yoast-schema-graph\">{\"@context\":\"https:\/\/schema.org\",\"@graph\":[{\"@type\":\"WebSite\",\"@id\":\"https:\/\/orfemedical.com\/#website\",\"url\":\"https:\/\/orfemedical.com\/\",\"name\":\"Orfe T\\u0131bbi Cihazlar ve Sa\\u011fl\\u0131k \\u00dcr\\u00fcnleri San. Tic. Ltd. \\u015eti.\",\"description\":\"Orfe Medikal\",\"potentialAction\":[{\"@type\":\"SearchAction\",\"target\":\"https:\/\/orfemedical.com\/?s={search_term_string}\",\"query-input\":\"required name=search_term_string\"}],\"inLanguage\":\"en-US\"},{\"@type\":\"ImageObject\",\"@id\":\"https:\/\/orfemedical.com\/en\/product\/greenlight-xps-laser-therapy-system\/#primaryimage\",\"inLanguage\":\"en-US\",\"url\":\"https:\/\/orfemedical.com\/wp-content\/uploads\/2020\/07\/ams-greenlight-1.jpg\",\"width\":460,\"height\":460},{\"@type\":\"WebPage\",\"@id\":\"https:\/\/orfemedical.com\/en\/product\/greenlight-xps-laser-therapy-system\/#webpage\",\"url\":\"https:\/\/orfemedical.com\/en\/product\/greenlight-xps-laser-therapy-system\/\",\"name\":\"GreenLight XPS\\u2122 Laser Therapy System - Orfe T\\u0131bbi Cihazlar ve Sa\\u011fl\\u0131k \\u00dcr\\u00fcnleri San. Tic. Ltd. \\u015eti.\",\"isPartOf\":{\"@id\":\"https:\/\/orfemedical.com\/#website\"},\"primaryImageOfPage\":{\"@id\":\"https:\/\/orfemedical.com\/en\/product\/greenlight-xps-laser-therapy-system\/#primaryimage\"},\"datePublished\":\"2021-03-01T11:59:42+00:00\",\"dateModified\":\"2021-12-15T15:06:03+00:00\",\"inLanguage\":\"en-US\",\"potentialAction\":[{\"@type\":\"ReadAction\",\"target\":[\"https:\/\/orfemedical.com\/en\/product\/greenlight-xps-laser-therapy-system\/\"]}]}]}<\/script>\n<!-- \/ Yoast SEO plugin. -->","_links":{"self":[{"href":"https:\/\/orfemedical.com\/en\/wp-json\/wp\/v2\/product\/6811"}],"collection":[{"href":"https:\/\/orfemedical.com\/en\/wp-json\/wp\/v2\/product"}],"about":[{"href":"https:\/\/orfemedical.com\/en\/wp-json\/wp\/v2\/types\/product"}],"wp:featuredmedia":[{"embeddable":true,"href":"https:\/\/orfemedical.com\/en\/wp-json\/wp\/v2\/media\/6144"}],"wp:attachment":[{"href":"https:\/\/orfemedical.com\/en\/wp-json\/wp\/v2\/media?parent=6811"}],"wp:term":[{"taxonomy":"product_cat","embeddable":true,"href":"https:\/\/orfemedical.com\/en\/wp-json\/wp\/v2\/product_cat?post=6811"},{"taxonomy":"product_tag","embeddable":true,"href":"https:\/\/orfemedical.com\/en\/wp-json\/wp\/v2\/product_tag?post=6811"}],"curies":[{"name":"wp","href":"https:\/\/api.w.org\/{rel}","templated":true}]}}