{"id":6886,"date":"2020-07-21T16:15:39","date_gmt":"2021-03-01T12:41:24","guid":{"rendered":"https:\/\/orfemedical.com\/urun\/ambu-bluesensor-t\/"},"modified":"2021-03-01T15:41:26","modified_gmt":"2021-03-01T12:41:26","slug":"ambu-bluesensor-t","status":"publish","type":"product","link":"https:\/\/orfemedical.com\/en\/product\/ambu-bluesensor-t\/","title":{"rendered":"Ambu\u00ae BlueSensor T"},"content":{"rendered":"<p>The rectangular, medium-sized Ambu BlueSensor T features highly conductive wet gel, offset connector, superior adhesion and a large measuring range to provide optimum signal in stress testing and monitoring applications.<\/p>\n<p>Its rectangular shape allows for six closely spaced electrodes to be placed if the chest is too small to accommodate our round electrodes. Thanks to its comfortable foam support, the electrode is easy to use and sensitive to the skin.<\/p>\n<p><img loading=\"lazy\" class=\"alignnone size-full wp-image-6347\" src=\"https:\/\/orfemedical.com\/wp-content\/uploads\/2020\/07\/BlueSensor.gif\" alt=\"\" width=\"190\" height=\"29\"><\/p>\n<section class=\"row bsc-text-block\"><\/section>\n","protected":false},"excerpt":{"rendered":"<p>The rectangular, medium-sized Ambu BlueSensor T features highly conductive wet gel, offset connector, superior adhesion and a large measuring range to provide optimum signal in stress testing and monitoring applications.<\/p>\n","protected":false},"featured_media":6364,"template":"","meta":[],"product_cat":[172,173],"product_tag":[],"yoast_head":"<!-- This site is optimized with the Yoast SEO plugin v15.7 - https:\/\/yoast.com\/wordpress\/plugins\/seo\/ -->\n<title>Ambu\u00ae BlueSensor T - Orfe T\u0131bbi Cihazlar ve Sa\u011fl\u0131k \u00dcr\u00fcnleri San. Tic. Ltd. \u015eti.<\/title>\n<meta name=\"robots\" content=\"index, follow, max-snippet:-1, max-image-preview:large, max-video-preview:-1\" \/>\n<link rel=\"canonical\" href=\"https:\/\/orfemedical.com\/en\/product\/ambu-bluesensor-t\/\" \/>\n<meta property=\"og:locale\" content=\"en_US\" \/>\n<meta property=\"og:type\" content=\"article\" \/>\n<meta property=\"og:title\" content=\"Ambu\u00ae BlueSensor T - Orfe T\u0131bbi Cihazlar ve Sa\u011fl\u0131k \u00dcr\u00fcnleri San. Tic. Ltd. \u015eti.\" \/>\n<meta property=\"og:description\" content=\"The rectangular, medium-sized Ambu BlueSensor T features highly conductive wet gel, offset connector, superior adhesion and a large measuring range to provide optimum signal in stress testing and monitoring applications.\" \/>\n<meta property=\"og:url\" content=\"https:\/\/orfemedical.com\/en\/product\/ambu-bluesensor-t\/\" \/>\n<meta property=\"og:site_name\" content=\"Orfe T\u0131bbi Cihazlar ve Sa\u011fl\u0131k \u00dcr\u00fcnleri San. Tic. Ltd. \u015eti.\" \/>\n<meta property=\"article:modified_time\" content=\"2021-03-01T12:41:26+00:00\" \/>\n<meta property=\"og:image\" content=\"https:\/\/orfemedical.com\/wp-content\/uploads\/2020\/07\/blue-T-1.jpg\" \/>\n\t<meta property=\"og:image:width\" content=\"600\" \/>\n\t<meta property=\"og:image:height\" content=\"600\" \/>\n<meta name=\"twitter:card\" content=\"summary_large_image\" \/>\n<script type=\"application\/ld+json\" class=\"yoast-schema-graph\">{\"@context\":\"https:\/\/schema.org\",\"@graph\":[{\"@type\":\"WebSite\",\"@id\":\"https:\/\/orfemedical.com\/#website\",\"url\":\"https:\/\/orfemedical.com\/\",\"name\":\"Orfe T\\u0131bbi Cihazlar ve Sa\\u011fl\\u0131k \\u00dcr\\u00fcnleri San. Tic. Ltd. \\u015eti.\",\"description\":\"Orfe Medikal\",\"potentialAction\":[{\"@type\":\"SearchAction\",\"target\":\"https:\/\/orfemedical.com\/?s={search_term_string}\",\"query-input\":\"required name=search_term_string\"}],\"inLanguage\":\"en-US\"},{\"@type\":\"ImageObject\",\"@id\":\"https:\/\/orfemedical.com\/en\/product\/ambu-bluesensor-t\/#primaryimage\",\"inLanguage\":\"en-US\",\"url\":\"https:\/\/orfemedical.com\/wp-content\/uploads\/2020\/07\/blue-T-1.jpg\",\"width\":600,\"height\":600},{\"@type\":\"WebPage\",\"@id\":\"https:\/\/orfemedical.com\/en\/product\/ambu-bluesensor-t\/#webpage\",\"url\":\"https:\/\/orfemedical.com\/en\/product\/ambu-bluesensor-t\/\",\"name\":\"Ambu\\u00ae BlueSensor T - Orfe T\\u0131bbi Cihazlar ve Sa\\u011fl\\u0131k \\u00dcr\\u00fcnleri San. Tic. Ltd. \\u015eti.\",\"isPartOf\":{\"@id\":\"https:\/\/orfemedical.com\/#website\"},\"primaryImageOfPage\":{\"@id\":\"https:\/\/orfemedical.com\/en\/product\/ambu-bluesensor-t\/#primaryimage\"},\"datePublished\":\"2021-03-01T12:41:24+00:00\",\"dateModified\":\"2021-03-01T12:41:26+00:00\",\"inLanguage\":\"en-US\",\"potentialAction\":[{\"@type\":\"ReadAction\",\"target\":[\"https:\/\/orfemedical.com\/en\/product\/ambu-bluesensor-t\/\"]}]}]}<\/script>\n<!-- \/ Yoast SEO plugin. -->","_links":{"self":[{"href":"https:\/\/orfemedical.com\/en\/wp-json\/wp\/v2\/product\/6886"}],"collection":[{"href":"https:\/\/orfemedical.com\/en\/wp-json\/wp\/v2\/product"}],"about":[{"href":"https:\/\/orfemedical.com\/en\/wp-json\/wp\/v2\/types\/product"}],"wp:featuredmedia":[{"embeddable":true,"href":"https:\/\/orfemedical.com\/en\/wp-json\/wp\/v2\/media\/6364"}],"wp:attachment":[{"href":"https:\/\/orfemedical.com\/en\/wp-json\/wp\/v2\/media?parent=6886"}],"wp:term":[{"taxonomy":"product_cat","embeddable":true,"href":"https:\/\/orfemedical.com\/en\/wp-json\/wp\/v2\/product_cat?post=6886"},{"taxonomy":"product_tag","embeddable":true,"href":"https:\/\/orfemedical.com\/en\/wp-json\/wp\/v2\/product_tag?post=6886"}],"curies":[{"name":"wp","href":"https:\/\/api.w.org\/{rel}","templated":true}]}}