{"id":6903,"date":"2020-07-22T20:28:20","date_gmt":"2021-03-01T12:48:17","guid":{"rendered":"https:\/\/orfemedical.com\/urun\/ambu-norolin-700\/"},"modified":"2021-12-15T17:33:20","modified_gmt":"2021-12-15T14:33:20","slug":"ambu-neuroline-700","status":"publish","type":"product","link":"https:\/\/orfemedical.com\/en\/product\/ambu-neuroline-700\/","title":{"rendered":"Ambu\u00ae Neuroline 700"},"content":{"rendered":"<div class=\"gdlr-core-widget-box-shortcode \" style=\"color: #ffffff ;background-color: #009fe3 ;\"  ><h3 class=\"gdlr-core-widget-box-shortcode-title\" style=\"color: #ffffff ;\"  >Product features<\/h3><div class=\"gdlr-core-widget-box-shortcode-content\" ><ul>\n<li style=\"text-align: left;\">Solid gel makes it repositionable<\/li>\n<li style=\"text-align: left;\">Well-defined sensor area allows results to be easily reproduced<\/li>\n<li style=\"text-align: left;\">Special design prevents the electrode from falling if the wire is pulled<\/li>\n<li style=\"text-align: left;\">Small &#8211; makes it easy to apply to the face<\/li>\n<li style=\"text-align: left;\">Ag \/ AgCl provides a good signal<\/li>\n<li style=\"text-align: left;\">No cross contamination risk<\/li>\n<li style=\"text-align: left;\">Useful for children&#8217;s examinations due to its small size and flexible material<\/li>\n<\/ul>\n<p>\n<\/div><\/div><span class=\"gdlr-core-space-shortcode\" style=\"margin-top: 30px ;\"  ><\/span><\/p>\n<div class=\"gdlr-core-widget-box-shortcode \" style=\"color: #ffffff ;background-color: #009fe3 ;\"  ><h3 class=\"gdlr-core-widget-box-shortcode-title\" style=\"color: #ffffff ;\"  >Product features<\/h3><div class=\"gdlr-core-widget-box-shortcode-content\" ><p style=\"text-align: left;\">It is easily repositioned, allowing technicians to find the best recording location without wiping the messy gel deposits.<\/p>\n<p style=\"text-align: left;\">Since the electrode has a well-defined measurement area, recording conditions can be accurately reproduced. There is no risk of cross contamination and costly maintenance is eliminated.<\/p>\n<p style=\"text-align: left;\">Patient comfort is extremely important. Both the sensor and the lead wire on the Ambu Neuroline 700 are made of a soft and flexible material that minimizes irritation and ensures that the patient is not disturbed by sleeping on a hard electrode and lead wire.<\/p>\n<p style=\"text-align: left;\">The electrode provides a high degree of patient comfort, as an optimal test result depends on the patient sleeping without being disturbed.<\/p>\n<h6 style=\"text-align: left;\">Specifications<\/h6>\n<p style=\"text-align: left;\">Ambu Neuroline 700 is presented with a thin and soft lead wire. Lead wire lengths range from 10 cm to 200 cm and are available with three different connector types to suit different types and brands of equipment.<\/p>\n<p style=\"text-align: left;\">The Ambu Neuroline 700, with lead wire lengths of 100 cm (40 &#8220;), 150 cm (60&#8221;) and 200 cm (80 &#8220;), comes with serial colored lead wires in red, green, black and white.<\/p>\n<p>\n<\/div><\/div><span class=\"gdlr-core-space-shortcode\" style=\"margin-top: 30px ;\"  ><\/span><\/p>\n<section class=\"row bsc-text-block\"><\/section>\n","protected":false},"excerpt":{"rendered":"<p>Ambu\u00ae Neuroin 700 is a conductive, self-adhesive electrode with a special &#8220;duck foot&#8221; design that keeps the electrode in place even if the lead wire is pulled.<\/p>\n","protected":false},"featured_media":6436,"template":"","meta":[],"product_cat":[177,174],"product_tag":[],"yoast_head":"<!-- This site is optimized with the Yoast SEO plugin v15.7 - https:\/\/yoast.com\/wordpress\/plugins\/seo\/ -->\n<title>Ambu\u00ae Neuroline 700 - Orfe T\u0131bbi Cihazlar ve Sa\u011fl\u0131k \u00dcr\u00fcnleri San. Tic. Ltd. \u015eti.<\/title>\n<meta name=\"robots\" content=\"index, follow, max-snippet:-1, max-image-preview:large, max-video-preview:-1\" \/>\n<link rel=\"canonical\" href=\"https:\/\/orfemedical.com\/en\/product\/ambu-neuroline-700\/\" \/>\n<meta property=\"og:locale\" content=\"en_US\" \/>\n<meta property=\"og:type\" content=\"article\" \/>\n<meta property=\"og:title\" content=\"Ambu\u00ae Neuroline 700 - Orfe T\u0131bbi Cihazlar ve Sa\u011fl\u0131k \u00dcr\u00fcnleri San. Tic. Ltd. \u015eti.\" \/>\n<meta property=\"og:description\" content=\"Ambu\u00ae Neuroin 700 is a conductive, self-adhesive electrode with a special &quot;duck foot&quot; design that keeps the electrode in place even if the lead wire is pulled.\" \/>\n<meta property=\"og:url\" content=\"https:\/\/orfemedical.com\/en\/product\/ambu-neuroline-700\/\" \/>\n<meta property=\"og:site_name\" content=\"Orfe T\u0131bbi Cihazlar ve Sa\u011fl\u0131k \u00dcr\u00fcnleri San. Tic. Ltd. \u015eti.\" \/>\n<meta property=\"article:modified_time\" content=\"2021-12-15T14:33:20+00:00\" \/>\n<meta property=\"og:image\" content=\"https:\/\/orfemedical.com\/wp-content\/uploads\/2020\/07\/700-1.jpg\" \/>\n\t<meta property=\"og:image:width\" content=\"550\" \/>\n\t<meta property=\"og:image:height\" content=\"550\" \/>\n<meta name=\"twitter:card\" content=\"summary_large_image\" \/>\n<meta name=\"twitter:label1\" content=\"Est. reading time\">\n\t<meta name=\"twitter:data1\" content=\"1 minute\">\n<script type=\"application\/ld+json\" class=\"yoast-schema-graph\">{\"@context\":\"https:\/\/schema.org\",\"@graph\":[{\"@type\":\"WebSite\",\"@id\":\"https:\/\/orfemedical.com\/#website\",\"url\":\"https:\/\/orfemedical.com\/\",\"name\":\"Orfe T\\u0131bbi Cihazlar ve Sa\\u011fl\\u0131k \\u00dcr\\u00fcnleri San. Tic. Ltd. \\u015eti.\",\"description\":\"Orfe Medikal\",\"potentialAction\":[{\"@type\":\"SearchAction\",\"target\":\"https:\/\/orfemedical.com\/?s={search_term_string}\",\"query-input\":\"required name=search_term_string\"}],\"inLanguage\":\"en-US\"},{\"@type\":\"ImageObject\",\"@id\":\"https:\/\/orfemedical.com\/en\/product\/ambu-neuroline-700\/#primaryimage\",\"inLanguage\":\"en-US\",\"url\":\"https:\/\/orfemedical.com\/wp-content\/uploads\/2020\/07\/700-1.jpg\",\"width\":550,\"height\":550},{\"@type\":\"WebPage\",\"@id\":\"https:\/\/orfemedical.com\/en\/product\/ambu-neuroline-700\/#webpage\",\"url\":\"https:\/\/orfemedical.com\/en\/product\/ambu-neuroline-700\/\",\"name\":\"Ambu\\u00ae Neuroline 700 - Orfe T\\u0131bbi Cihazlar ve Sa\\u011fl\\u0131k \\u00dcr\\u00fcnleri San. Tic. Ltd. \\u015eti.\",\"isPartOf\":{\"@id\":\"https:\/\/orfemedical.com\/#website\"},\"primaryImageOfPage\":{\"@id\":\"https:\/\/orfemedical.com\/en\/product\/ambu-neuroline-700\/#primaryimage\"},\"datePublished\":\"2021-03-01T12:48:17+00:00\",\"dateModified\":\"2021-12-15T14:33:20+00:00\",\"inLanguage\":\"en-US\",\"potentialAction\":[{\"@type\":\"ReadAction\",\"target\":[\"https:\/\/orfemedical.com\/en\/product\/ambu-neuroline-700\/\"]}]}]}<\/script>\n<!-- \/ Yoast SEO plugin. -->","_links":{"self":[{"href":"https:\/\/orfemedical.com\/en\/wp-json\/wp\/v2\/product\/6903"}],"collection":[{"href":"https:\/\/orfemedical.com\/en\/wp-json\/wp\/v2\/product"}],"about":[{"href":"https:\/\/orfemedical.com\/en\/wp-json\/wp\/v2\/types\/product"}],"wp:featuredmedia":[{"embeddable":true,"href":"https:\/\/orfemedical.com\/en\/wp-json\/wp\/v2\/media\/6436"}],"wp:attachment":[{"href":"https:\/\/orfemedical.com\/en\/wp-json\/wp\/v2\/media?parent=6903"}],"wp:term":[{"taxonomy":"product_cat","embeddable":true,"href":"https:\/\/orfemedical.com\/en\/wp-json\/wp\/v2\/product_cat?post=6903"},{"taxonomy":"product_tag","embeddable":true,"href":"https:\/\/orfemedical.com\/en\/wp-json\/wp\/v2\/product_tag?post=6903"}],"curies":[{"name":"wp","href":"https:\/\/api.w.org\/{rel}","templated":true}]}}