{"id":6906,"date":"2020-07-22T11:53:45","date_gmt":"2021-03-01T12:50:32","guid":{"rendered":"https:\/\/orfemedical.com\/urun\/ambu-norolin-inoject-enjekte\/"},"modified":"2021-12-15T17:34:56","modified_gmt":"2021-12-15T14:34:56","slug":"ambu-neuroline-inoject-injected","status":"publish","type":"product","link":"https:\/\/orfemedical.com\/en\/product\/ambu-neuroline-inoject-injected\/","title":{"rendered":"Ambu\u00ae Neuroline Inoject (Injected)"},"content":{"rendered":"<div class=\"gdlr-core-widget-box-shortcode \" style=\"color: #ffffff ;background-color: #009fe3 ;\"  ><h3 class=\"gdlr-core-widget-box-shortcode-title\" style=\"color: #ffffff ;\"  >Product features<\/h3><div class=\"gdlr-core-widget-box-shortcode-content\" ><ul>\n<li style=\"text-align: left;\">Ultra sharp tip &#8211; makes insertion easier and less painful<\/li>\n<li style=\"text-align: left;\">Luer-Lock fitting &#8211; provides secure syringe connection<\/li>\n<li style=\"text-align: left;\"><i class=\"material-icons text-primary\">Offset pre-attached lead wire &#8211; minimizes interference with syringe<\/i><\/li>\n<li style=\"text-align: left;\">Smooth electrical insulator &#8211; increases patient comfort<\/li>\n<li style=\"text-align: left;\">Color coded hub &#8211; simple size identification<\/li>\n<li style=\"text-align: left;\">6 sizes means more options<\/li>\n<li style=\"text-align: left;\">No cross contamination risk<\/li>\n<\/ul>\n<p>\n<\/div><\/div><span class=\"gdlr-core-space-shortcode\" style=\"margin-top: 30px ;\"  ><\/span><\/p>\n<div class=\"gdlr-core-widget-box-shortcode \" style=\"color: #ffffff ;background-color: #009fe3 ;\"  ><h3 class=\"gdlr-core-widget-box-shortcode-title\" style=\"color: #ffffff ;\"  >Product features<\/h3><div class=\"gdlr-core-widget-box-shortcode-content\" ><p style=\"text-align: left;\">Ambu Neuroline Inoject provides the confidence and reliability you need during Botulinum Toxin injection. Needles are produced with the optimum combination of strength and flexibility.<\/p>\n<p style=\"text-align: left;\">Ambu Neuroline Inoject needles are made of stainless steel with a smooth coating to minimize friction. The tip of the needle is sharpened to a curved back shape with ultra precision for consistent quality and easy skin penetration. The needle hub has a Luer-Lock fitting that you can choose to use for a secure attachment to the syringe.<\/p>\n<p style=\"text-align: left;\">Needles are available with pre-attached 76 cm (30 &#8220;) lead wire with 1.5 mm touch-proof safety connector (DIN 42 802). Needles are available in 6 different sizes to cover all treatment areas.<\/p>\n<p>\n<\/div><\/div><span class=\"gdlr-core-space-shortcode\" style=\"margin-top: 30px ;\"  ><\/span><\/p>\n<section class=\"row bsc-text-block\"><\/section>\n","protected":false},"excerpt":{"rendered":"<p>The Ambu\u00ae Neurorolin Inoject series includes single patient EMG needle electrodes for Botulinum Toxin injections. Ambu Neuroline Inoject \u2122 is available in six different sizes to meet your needs with more options.<\/p>\n","protected":false},"featured_media":6423,"template":"","meta":[],"product_cat":[177,174],"product_tag":[],"yoast_head":"<!-- This site is optimized with the Yoast SEO plugin v15.7 - https:\/\/yoast.com\/wordpress\/plugins\/seo\/ -->\n<title>Ambu\u00ae Neuroline Inoject (Injected) - Orfe T\u0131bbi Cihazlar ve Sa\u011fl\u0131k \u00dcr\u00fcnleri San. Tic. Ltd. \u015eti.<\/title>\n<meta name=\"robots\" content=\"index, follow, max-snippet:-1, max-image-preview:large, max-video-preview:-1\" \/>\n<link rel=\"canonical\" href=\"https:\/\/orfemedical.com\/en\/product\/ambu-neuroline-inoject-injected\/\" \/>\n<meta property=\"og:locale\" content=\"en_US\" \/>\n<meta property=\"og:type\" content=\"article\" \/>\n<meta property=\"og:title\" content=\"Ambu\u00ae Neuroline Inoject (Injected) - Orfe T\u0131bbi Cihazlar ve Sa\u011fl\u0131k \u00dcr\u00fcnleri San. Tic. Ltd. \u015eti.\" \/>\n<meta property=\"og:description\" content=\"The Ambu\u00ae Neurorolin Inoject series includes single patient EMG needle electrodes for Botulinum Toxin injections. Ambu Neuroline Inoject \u2122 is available in six different sizes to meet your needs with more options.\" \/>\n<meta property=\"og:url\" content=\"https:\/\/orfemedical.com\/en\/product\/ambu-neuroline-inoject-injected\/\" \/>\n<meta property=\"og:site_name\" content=\"Orfe T\u0131bbi Cihazlar ve Sa\u011fl\u0131k \u00dcr\u00fcnleri San. Tic. Ltd. \u015eti.\" \/>\n<meta property=\"article:modified_time\" content=\"2021-12-15T14:34:56+00:00\" \/>\n<meta property=\"og:image\" content=\"https:\/\/orfemedical.com\/wp-content\/uploads\/2020\/07\/enjek-1.jpg\" \/>\n\t<meta property=\"og:image:width\" content=\"600\" \/>\n\t<meta property=\"og:image:height\" content=\"600\" \/>\n<meta name=\"twitter:card\" content=\"summary_large_image\" \/>\n<meta name=\"twitter:label1\" content=\"Est. reading time\">\n\t<meta name=\"twitter:data1\" content=\"1 minute\">\n<script type=\"application\/ld+json\" class=\"yoast-schema-graph\">{\"@context\":\"https:\/\/schema.org\",\"@graph\":[{\"@type\":\"WebSite\",\"@id\":\"https:\/\/orfemedical.com\/#website\",\"url\":\"https:\/\/orfemedical.com\/\",\"name\":\"Orfe T\\u0131bbi Cihazlar ve Sa\\u011fl\\u0131k \\u00dcr\\u00fcnleri San. Tic. Ltd. \\u015eti.\",\"description\":\"Orfe Medikal\",\"potentialAction\":[{\"@type\":\"SearchAction\",\"target\":\"https:\/\/orfemedical.com\/?s={search_term_string}\",\"query-input\":\"required name=search_term_string\"}],\"inLanguage\":\"en-US\"},{\"@type\":\"ImageObject\",\"@id\":\"https:\/\/orfemedical.com\/en\/product\/ambu-neuroline-inoject-injected\/#primaryimage\",\"inLanguage\":\"en-US\",\"url\":\"https:\/\/orfemedical.com\/wp-content\/uploads\/2020\/07\/enjek-1.jpg\",\"width\":600,\"height\":600},{\"@type\":\"WebPage\",\"@id\":\"https:\/\/orfemedical.com\/en\/product\/ambu-neuroline-inoject-injected\/#webpage\",\"url\":\"https:\/\/orfemedical.com\/en\/product\/ambu-neuroline-inoject-injected\/\",\"name\":\"Ambu\\u00ae Neuroline Inoject (Injected) - Orfe T\\u0131bbi Cihazlar ve Sa\\u011fl\\u0131k \\u00dcr\\u00fcnleri San. Tic. Ltd. \\u015eti.\",\"isPartOf\":{\"@id\":\"https:\/\/orfemedical.com\/#website\"},\"primaryImageOfPage\":{\"@id\":\"https:\/\/orfemedical.com\/en\/product\/ambu-neuroline-inoject-injected\/#primaryimage\"},\"datePublished\":\"2021-03-01T12:50:32+00:00\",\"dateModified\":\"2021-12-15T14:34:56+00:00\",\"inLanguage\":\"en-US\",\"potentialAction\":[{\"@type\":\"ReadAction\",\"target\":[\"https:\/\/orfemedical.com\/en\/product\/ambu-neuroline-inoject-injected\/\"]}]}]}<\/script>\n<!-- \/ Yoast SEO plugin. -->","_links":{"self":[{"href":"https:\/\/orfemedical.com\/en\/wp-json\/wp\/v2\/product\/6906"}],"collection":[{"href":"https:\/\/orfemedical.com\/en\/wp-json\/wp\/v2\/product"}],"about":[{"href":"https:\/\/orfemedical.com\/en\/wp-json\/wp\/v2\/types\/product"}],"wp:featuredmedia":[{"embeddable":true,"href":"https:\/\/orfemedical.com\/en\/wp-json\/wp\/v2\/media\/6423"}],"wp:attachment":[{"href":"https:\/\/orfemedical.com\/en\/wp-json\/wp\/v2\/media?parent=6906"}],"wp:term":[{"taxonomy":"product_cat","embeddable":true,"href":"https:\/\/orfemedical.com\/en\/wp-json\/wp\/v2\/product_cat?post=6906"},{"taxonomy":"product_tag","embeddable":true,"href":"https:\/\/orfemedical.com\/en\/wp-json\/wp\/v2\/product_tag?post=6906"}],"curies":[{"name":"wp","href":"https:\/\/api.w.org\/{rel}","templated":true}]}}