{"id":6930,"date":"2020-07-22T23:25:24","date_gmt":"2021-03-01T13:04:10","guid":{"rendered":"https:\/\/orfemedical.com\/urun\/ambu-res-cue-mask\/"},"modified":"2021-12-15T17:28:18","modified_gmt":"2021-12-15T14:28:18","slug":"ambu-res-cue-mask","status":"publish","type":"product","link":"https:\/\/orfemedical.com\/en\/product\/ambu-res-cue-mask\/","title":{"rendered":"Ambu\u00ae Res-Cue Mask"},"content":{"rendered":"<p style=\"text-align: left;\">The transparent design of the Ambu Res-Cue Mask allows the rescuer to visually check patient conditions at all times.<\/p>\n<p style=\"text-align: left;\">The mask is equipped with a head strap to secure the mask to the patient&#8217;s face. So the rescuer does not waste time changing the mask before the mouth to mask the ventilation.<\/p>\n<p style=\"text-align: left;\">The Ambu Res-Cue Mask is available in a hard or soft case from the Ambu Brand or as a private label. For private label, a minimum of 1000 (softcase) or at least 260 (hardcase) must be ordered.<\/p>\n<p style=\"text-align: left;\">The mask can be supplied with and without oxygen. Thus, an oxygen cylinder can be connected to the oxygen inlet for supplemental oxygen. Combined with an optional oxygen inlet (optional) it facilitates oxygen delivery *.<br \/>\nAn easy-to-clean reusable face mask that extends the life of the product.<\/p>\n<p style=\"text-align: left;\">The valve filter assembly is disposable and must be replaced after each use.<\/p>\n<div class=\"gdlr-core-widget-box-shortcode \" style=\"color: #ffffff ;background-color: #009fe3 ;\"  ><h3 class=\"gdlr-core-widget-box-shortcode-title\" style=\"color: #ffffff ;\"  >Product features<\/h3><div class=\"gdlr-core-widget-box-shortcode-content\" ><ul>\n<li style=\"text-align: left;\">Transparent dome providing visual control of the patient&#8217;s condition<\/li>\n<li style=\"text-align: left;\">Headband for fixation and secure positioning<\/li>\n<li style=\"text-align: left;\">Available in hard, soft and private labels<\/li>\n<\/ul>\n<p>\n<\/div><\/div><span class=\"gdlr-core-space-shortcode\" style=\"margin-top: 30px ;\"  ><\/span><\/p>\n<section class=\"row bsc-text-block\"><\/section>\n","protected":false},"excerpt":{"rendered":"<p>The Ambu Res-Cue Mask is designed to provide protected rescue breathing for any patient (any age group) and can be used with a resuscitator if you remove the filter.<\/p>\n","protected":false},"featured_media":6469,"template":"","meta":[],"product_cat":[134,133],"product_tag":[],"yoast_head":"<!-- This site is optimized with the Yoast SEO plugin v15.7 - https:\/\/yoast.com\/wordpress\/plugins\/seo\/ -->\n<title>Ambu\u00ae Res-Cue Mask - Orfe T\u0131bbi Cihazlar ve Sa\u011fl\u0131k \u00dcr\u00fcnleri San. Tic. Ltd. \u015eti.<\/title>\n<meta name=\"robots\" content=\"index, follow, max-snippet:-1, max-image-preview:large, max-video-preview:-1\" \/>\n<link rel=\"canonical\" href=\"https:\/\/orfemedical.com\/en\/product\/ambu-res-cue-mask\/\" \/>\n<meta property=\"og:locale\" content=\"en_US\" \/>\n<meta property=\"og:type\" content=\"article\" \/>\n<meta property=\"og:title\" content=\"Ambu\u00ae Res-Cue Mask - Orfe T\u0131bbi Cihazlar ve Sa\u011fl\u0131k \u00dcr\u00fcnleri San. Tic. Ltd. \u015eti.\" \/>\n<meta property=\"og:description\" content=\"The Ambu Res-Cue Mask is designed to provide protected rescue breathing for any patient (any age group) and can be used with a resuscitator if you remove the filter.\" \/>\n<meta property=\"og:url\" content=\"https:\/\/orfemedical.com\/en\/product\/ambu-res-cue-mask\/\" \/>\n<meta property=\"og:site_name\" content=\"Orfe T\u0131bbi Cihazlar ve Sa\u011fl\u0131k \u00dcr\u00fcnleri San. Tic. Ltd. \u015eti.\" \/>\n<meta property=\"article:modified_time\" content=\"2021-12-15T14:28:18+00:00\" \/>\n<meta property=\"og:image\" content=\"https:\/\/orfemedical.com\/wp-content\/uploads\/2020\/07\/Res-Cue-1.jpg\" \/>\n\t<meta property=\"og:image:width\" content=\"600\" \/>\n\t<meta property=\"og:image:height\" content=\"600\" \/>\n<meta name=\"twitter:card\" content=\"summary_large_image\" \/>\n<meta name=\"twitter:label1\" content=\"Est. reading time\">\n\t<meta name=\"twitter:data1\" content=\"1 minute\">\n<script type=\"application\/ld+json\" class=\"yoast-schema-graph\">{\"@context\":\"https:\/\/schema.org\",\"@graph\":[{\"@type\":\"WebSite\",\"@id\":\"https:\/\/orfemedical.com\/#website\",\"url\":\"https:\/\/orfemedical.com\/\",\"name\":\"Orfe T\\u0131bbi Cihazlar ve Sa\\u011fl\\u0131k \\u00dcr\\u00fcnleri San. Tic. Ltd. \\u015eti.\",\"description\":\"Orfe Medikal\",\"potentialAction\":[{\"@type\":\"SearchAction\",\"target\":\"https:\/\/orfemedical.com\/?s={search_term_string}\",\"query-input\":\"required name=search_term_string\"}],\"inLanguage\":\"en-US\"},{\"@type\":\"ImageObject\",\"@id\":\"https:\/\/orfemedical.com\/en\/product\/ambu-res-cue-mask\/#primaryimage\",\"inLanguage\":\"en-US\",\"url\":\"https:\/\/orfemedical.com\/wp-content\/uploads\/2020\/07\/Res-Cue-1.jpg\",\"width\":600,\"height\":600},{\"@type\":\"WebPage\",\"@id\":\"https:\/\/orfemedical.com\/en\/product\/ambu-res-cue-mask\/#webpage\",\"url\":\"https:\/\/orfemedical.com\/en\/product\/ambu-res-cue-mask\/\",\"name\":\"Ambu\\u00ae Res-Cue Mask - Orfe T\\u0131bbi Cihazlar ve Sa\\u011fl\\u0131k \\u00dcr\\u00fcnleri San. Tic. Ltd. \\u015eti.\",\"isPartOf\":{\"@id\":\"https:\/\/orfemedical.com\/#website\"},\"primaryImageOfPage\":{\"@id\":\"https:\/\/orfemedical.com\/en\/product\/ambu-res-cue-mask\/#primaryimage\"},\"datePublished\":\"2021-03-01T13:04:10+00:00\",\"dateModified\":\"2021-12-15T14:28:18+00:00\",\"inLanguage\":\"en-US\",\"potentialAction\":[{\"@type\":\"ReadAction\",\"target\":[\"https:\/\/orfemedical.com\/en\/product\/ambu-res-cue-mask\/\"]}]}]}<\/script>\n<!-- \/ Yoast SEO plugin. -->","_links":{"self":[{"href":"https:\/\/orfemedical.com\/en\/wp-json\/wp\/v2\/product\/6930"}],"collection":[{"href":"https:\/\/orfemedical.com\/en\/wp-json\/wp\/v2\/product"}],"about":[{"href":"https:\/\/orfemedical.com\/en\/wp-json\/wp\/v2\/types\/product"}],"wp:featuredmedia":[{"embeddable":true,"href":"https:\/\/orfemedical.com\/en\/wp-json\/wp\/v2\/media\/6469"}],"wp:attachment":[{"href":"https:\/\/orfemedical.com\/en\/wp-json\/wp\/v2\/media?parent=6930"}],"wp:term":[{"taxonomy":"product_cat","embeddable":true,"href":"https:\/\/orfemedical.com\/en\/wp-json\/wp\/v2\/product_cat?post=6930"},{"taxonomy":"product_tag","embeddable":true,"href":"https:\/\/orfemedical.com\/en\/wp-json\/wp\/v2\/product_tag?post=6930"}],"curies":[{"name":"wp","href":"https:\/\/api.w.org\/{rel}","templated":true}]}}