{"id":6934,"date":"2020-07-22T23:18:47","date_gmt":"2021-03-01T13:06:04","guid":{"rendered":"https:\/\/orfemedical.com\/urun\/ambu-perfit-ace\/"},"modified":"2021-03-01T16:06:04","modified_gmt":"2021-03-01T13:06:04","slug":"ambu-perfit-ace-2","status":"publish","type":"product","link":"https:\/\/orfemedical.com\/en\/product\/ambu-perfit-ace-2\/","title":{"rendered":"Ambu\u00ae Perfit ACE"},"content":{"rendered":"<p style=\"text-align: left;\">Ambu Perfit ACE is the only adjustable one piece rigid cervical spine immobilization device with 16 precision settings for a customized fit within 4 standard adult setting ranges. Ambu Perfit ACE has a comprehensive sizing system for easy and accurate sizing.<\/p>\n<p style=\"text-align: left;\">Ambu Perfit ACE is an ideal device for cervical support. The Ambu Perfit ACE release bracelet is also available in a Military version that includes its olive green body and charcoal black foam and the camouflage color scheme of its label. The features and technical features of the Ambu Military Perfit ACE are the same as the Ambu Perfit ACE.<\/p>\n<div class=\"gdlr-core-widget-box-shortcode \" style=\"color: #ffffff ;background-color: #009fe3 ;\"  ><h3 class=\"gdlr-core-widget-box-shortcode-title\" style=\"color: #ffffff ;\"  >Product features<\/h3><div class=\"gdlr-core-widget-box-shortcode-content\" ><ul>\n<li style=\"text-align: left;\">16 sizes in one collar<\/li>\n<li style=\"text-align: left;\">Flat storage<\/li>\n<li style=\"text-align: left;\">Radio transparent, CAT and MRI compatible<\/li>\n<\/ul>\n<p>\n<\/div><\/div><span class=\"gdlr-core-space-shortcode\" style=\"margin-top: 30px ;\"  ><\/span><\/p>\n<section class=\"row bsc-text-block\"><\/section>\n","protected":false},"excerpt":{"rendered":"<p>The Ambu\u00ae Perfit ACE extraction collar is designed to help maintain neutral alignment, prevent lateral oscillation and anterior-posterior flexion, and lengthen the cervical spine during handling and routine patient care or movement.<\/p>\n","protected":false},"featured_media":6462,"template":"","meta":[],"product_cat":[138,133],"product_tag":[],"yoast_head":"<!-- This site is optimized with the Yoast SEO plugin v15.7 - https:\/\/yoast.com\/wordpress\/plugins\/seo\/ -->\n<title>Ambu\u00ae Perfit ACE - Orfe T\u0131bbi Cihazlar ve Sa\u011fl\u0131k \u00dcr\u00fcnleri San. Tic. Ltd. \u015eti.<\/title>\n<meta name=\"robots\" content=\"index, follow, max-snippet:-1, max-image-preview:large, max-video-preview:-1\" \/>\n<link rel=\"canonical\" href=\"https:\/\/orfemedical.com\/en\/product\/ambu-perfit-ace-2\/\" \/>\n<meta property=\"og:locale\" content=\"en_US\" \/>\n<meta property=\"og:type\" content=\"article\" \/>\n<meta property=\"og:title\" content=\"Ambu\u00ae Perfit ACE - Orfe T\u0131bbi Cihazlar ve Sa\u011fl\u0131k \u00dcr\u00fcnleri San. Tic. Ltd. \u015eti.\" \/>\n<meta property=\"og:description\" content=\"The Ambu\u00ae Perfit ACE extraction collar is designed to help maintain neutral alignment, prevent lateral oscillation and anterior-posterior flexion, and lengthen the cervical spine during handling and routine patient care or movement.\" \/>\n<meta property=\"og:url\" content=\"https:\/\/orfemedical.com\/en\/product\/ambu-perfit-ace-2\/\" \/>\n<meta property=\"og:site_name\" content=\"Orfe T\u0131bbi Cihazlar ve Sa\u011fl\u0131k \u00dcr\u00fcnleri San. Tic. Ltd. \u015eti.\" \/>\n<meta name=\"twitter:card\" content=\"summary_large_image\" \/>\n<meta name=\"twitter:label1\" content=\"Est. reading time\">\n\t<meta name=\"twitter:data1\" content=\"1 minute\">\n<script type=\"application\/ld+json\" class=\"yoast-schema-graph\">{\"@context\":\"https:\/\/schema.org\",\"@graph\":[{\"@type\":\"WebSite\",\"@id\":\"https:\/\/orfemedical.com\/#website\",\"url\":\"https:\/\/orfemedical.com\/\",\"name\":\"Orfe T\\u0131bbi Cihazlar ve Sa\\u011fl\\u0131k \\u00dcr\\u00fcnleri San. Tic. Ltd. \\u015eti.\",\"description\":\"Orfe Medikal\",\"potentialAction\":[{\"@type\":\"SearchAction\",\"target\":\"https:\/\/orfemedical.com\/?s={search_term_string}\",\"query-input\":\"required name=search_term_string\"}],\"inLanguage\":\"en-US\"},{\"@type\":\"ImageObject\",\"@id\":\"https:\/\/orfemedical.com\/en\/product\/ambu-perfit-ace-2\/#primaryimage\",\"inLanguage\":\"en-US\",\"url\":\"https:\/\/orfemedical.com\/wp-content\/uploads\/2020\/07\/non-Perfit-ACE-1.jpg\",\"width\":600,\"height\":600},{\"@type\":\"WebPage\",\"@id\":\"https:\/\/orfemedical.com\/en\/product\/ambu-perfit-ace-2\/#webpage\",\"url\":\"https:\/\/orfemedical.com\/en\/product\/ambu-perfit-ace-2\/\",\"name\":\"Ambu\\u00ae Perfit ACE - Orfe T\\u0131bbi Cihazlar ve Sa\\u011fl\\u0131k \\u00dcr\\u00fcnleri San. Tic. Ltd. \\u015eti.\",\"isPartOf\":{\"@id\":\"https:\/\/orfemedical.com\/#website\"},\"primaryImageOfPage\":{\"@id\":\"https:\/\/orfemedical.com\/en\/product\/ambu-perfit-ace-2\/#primaryimage\"},\"datePublished\":\"2021-03-01T13:06:04+00:00\",\"dateModified\":\"2021-03-01T13:06:04+00:00\",\"inLanguage\":\"en-US\",\"potentialAction\":[{\"@type\":\"ReadAction\",\"target\":[\"https:\/\/orfemedical.com\/en\/product\/ambu-perfit-ace-2\/\"]}]}]}<\/script>\n<!-- \/ Yoast SEO plugin. -->","_links":{"self":[{"href":"https:\/\/orfemedical.com\/en\/wp-json\/wp\/v2\/product\/6934"}],"collection":[{"href":"https:\/\/orfemedical.com\/en\/wp-json\/wp\/v2\/product"}],"about":[{"href":"https:\/\/orfemedical.com\/en\/wp-json\/wp\/v2\/types\/product"}],"wp:featuredmedia":[{"embeddable":true,"href":"https:\/\/orfemedical.com\/en\/wp-json\/wp\/v2\/media\/6462"}],"wp:attachment":[{"href":"https:\/\/orfemedical.com\/en\/wp-json\/wp\/v2\/media?parent=6934"}],"wp:term":[{"taxonomy":"product_cat","embeddable":true,"href":"https:\/\/orfemedical.com\/en\/wp-json\/wp\/v2\/product_cat?post=6934"},{"taxonomy":"product_tag","embeddable":true,"href":"https:\/\/orfemedical.com\/en\/wp-json\/wp\/v2\/product_tag?post=6934"}],"curies":[{"name":"wp","href":"https:\/\/api.w.org\/{rel}","templated":true}]}}