{"id":6935,"date":"2020-07-22T23:13:39","date_gmt":"2021-03-01T13:06:42","guid":{"rendered":"https:\/\/orfemedical.com\/urun\/ambu-redi-ace-adult-redi-ace-mini\/"},"modified":"2021-12-15T17:29:22","modified_gmt":"2021-12-15T14:29:22","slug":"ambu-redi-ace-adult-redi-ace-mini","status":"publish","type":"product","link":"https:\/\/orfemedical.com\/en\/product\/ambu-redi-ace-adult-redi-ace-mini\/","title":{"rendered":"Ambu\u00ae Redi-ACE Adult &#038; Redi-ACE Mini"},"content":{"rendered":"<p style=\"text-align: left;\">Ambu Redi-ACE is a unique adjustable bracelet. Together with the Redi-ACE Mini, these two collars offer 14 sizes and ensure the most effective and accurate fit possible for patients.<\/p>\n<p style=\"text-align: left;\">The radio is made of translucent materials, the collar is packaged completely flat, and it has a unique auto flip jaw.<\/p>\n<p style=\"text-align: left;\">Ambu Redi-ACE release collars include latches that allow the rescuer to size the collar to the victim&#8217;s neck size as accurately as possible. Two safety lock buttons hold the bracelet in place when adjusted.<\/p>\n<div class=\"gdlr-core-widget-box-shortcode \" style=\"color: #ffffff ;background-color: #009fe3 ;\"  ><h3 class=\"gdlr-core-widget-box-shortcode-title\" style=\"color: #ffffff ;\"  >Product features<\/h3><div class=\"gdlr-core-widget-box-shortcode-content\" ><ul>\n<li style=\"text-align: left;\">14 sizes on both collars<\/li>\n<li style=\"text-align: left;\">Flat storage<\/li>\n<li style=\"text-align: left;\">Easy to use<\/li>\n<\/ul>\n<p>\n<\/div><\/div><span class=\"gdlr-core-space-shortcode\" style=\"margin-top: 30px ;\"  ><\/span><\/p>\n<section class=\"row bsc-text-block\"><\/section>\n","protected":false},"excerpt":{"rendered":"<p>Ambu\u00ae Redi-ACE extraction collars are designed to help maintain neutral alignment, prevent lateral oscillation, and anterior-posterior flexion and lengthening of the cervical spine during transport and routine patient care or movement.<\/p>\n","protected":false},"featured_media":6459,"template":"","meta":[],"product_cat":[138,133],"product_tag":[],"yoast_head":"<!-- This site is optimized with the Yoast SEO plugin v15.7 - https:\/\/yoast.com\/wordpress\/plugins\/seo\/ -->\n<title>Ambu\u00ae Redi-ACE Adult &amp; Redi-ACE Mini - Orfe T\u0131bbi Cihazlar ve Sa\u011fl\u0131k \u00dcr\u00fcnleri San. Tic. Ltd. \u015eti.<\/title>\n<meta name=\"robots\" content=\"index, follow, max-snippet:-1, max-image-preview:large, max-video-preview:-1\" \/>\n<link rel=\"canonical\" href=\"https:\/\/orfemedical.com\/en\/product\/ambu-redi-ace-adult-redi-ace-mini\/\" \/>\n<meta property=\"og:locale\" content=\"en_US\" \/>\n<meta property=\"og:type\" content=\"article\" \/>\n<meta property=\"og:title\" content=\"Ambu\u00ae Redi-ACE Adult &amp; Redi-ACE Mini - Orfe T\u0131bbi Cihazlar ve Sa\u011fl\u0131k \u00dcr\u00fcnleri San. Tic. Ltd. \u015eti.\" \/>\n<meta property=\"og:description\" content=\"Ambu\u00ae Redi-ACE extraction collars are designed to help maintain neutral alignment, prevent lateral oscillation, and anterior-posterior flexion and lengthening of the cervical spine during transport and routine patient care or movement.\" \/>\n<meta property=\"og:url\" content=\"https:\/\/orfemedical.com\/en\/product\/ambu-redi-ace-adult-redi-ace-mini\/\" \/>\n<meta property=\"og:site_name\" content=\"Orfe T\u0131bbi Cihazlar ve Sa\u011fl\u0131k \u00dcr\u00fcnleri San. Tic. Ltd. \u015eti.\" \/>\n<meta property=\"article:modified_time\" content=\"2021-12-15T14:29:22+00:00\" \/>\n<meta property=\"og:image\" content=\"https:\/\/orfemedical.com\/wp-content\/uploads\/2020\/07\/Redi-ACE-Mini-1.jpg\" \/>\n\t<meta property=\"og:image:width\" content=\"600\" \/>\n\t<meta property=\"og:image:height\" content=\"600\" \/>\n<meta name=\"twitter:card\" content=\"summary_large_image\" \/>\n<meta name=\"twitter:label1\" content=\"Est. reading time\">\n\t<meta name=\"twitter:data1\" content=\"1 minute\">\n<script type=\"application\/ld+json\" class=\"yoast-schema-graph\">{\"@context\":\"https:\/\/schema.org\",\"@graph\":[{\"@type\":\"WebSite\",\"@id\":\"https:\/\/orfemedical.com\/#website\",\"url\":\"https:\/\/orfemedical.com\/\",\"name\":\"Orfe T\\u0131bbi Cihazlar ve Sa\\u011fl\\u0131k \\u00dcr\\u00fcnleri San. Tic. Ltd. \\u015eti.\",\"description\":\"Orfe Medikal\",\"potentialAction\":[{\"@type\":\"SearchAction\",\"target\":\"https:\/\/orfemedical.com\/?s={search_term_string}\",\"query-input\":\"required name=search_term_string\"}],\"inLanguage\":\"en-US\"},{\"@type\":\"ImageObject\",\"@id\":\"https:\/\/orfemedical.com\/en\/product\/ambu-redi-ace-adult-redi-ace-mini\/#primaryimage\",\"inLanguage\":\"en-US\",\"url\":\"https:\/\/orfemedical.com\/wp-content\/uploads\/2020\/07\/Redi-ACE-Mini-1.jpg\",\"width\":600,\"height\":600},{\"@type\":\"WebPage\",\"@id\":\"https:\/\/orfemedical.com\/en\/product\/ambu-redi-ace-adult-redi-ace-mini\/#webpage\",\"url\":\"https:\/\/orfemedical.com\/en\/product\/ambu-redi-ace-adult-redi-ace-mini\/\",\"name\":\"Ambu\\u00ae Redi-ACE Adult & Redi-ACE Mini - Orfe T\\u0131bbi Cihazlar ve Sa\\u011fl\\u0131k \\u00dcr\\u00fcnleri San. Tic. Ltd. \\u015eti.\",\"isPartOf\":{\"@id\":\"https:\/\/orfemedical.com\/#website\"},\"primaryImageOfPage\":{\"@id\":\"https:\/\/orfemedical.com\/en\/product\/ambu-redi-ace-adult-redi-ace-mini\/#primaryimage\"},\"datePublished\":\"2021-03-01T13:06:42+00:00\",\"dateModified\":\"2021-12-15T14:29:22+00:00\",\"inLanguage\":\"en-US\",\"potentialAction\":[{\"@type\":\"ReadAction\",\"target\":[\"https:\/\/orfemedical.com\/en\/product\/ambu-redi-ace-adult-redi-ace-mini\/\"]}]}]}<\/script>\n<!-- \/ Yoast SEO plugin. -->","_links":{"self":[{"href":"https:\/\/orfemedical.com\/en\/wp-json\/wp\/v2\/product\/6935"}],"collection":[{"href":"https:\/\/orfemedical.com\/en\/wp-json\/wp\/v2\/product"}],"about":[{"href":"https:\/\/orfemedical.com\/en\/wp-json\/wp\/v2\/types\/product"}],"wp:featuredmedia":[{"embeddable":true,"href":"https:\/\/orfemedical.com\/en\/wp-json\/wp\/v2\/media\/6459"}],"wp:attachment":[{"href":"https:\/\/orfemedical.com\/en\/wp-json\/wp\/v2\/media?parent=6935"}],"wp:term":[{"taxonomy":"product_cat","embeddable":true,"href":"https:\/\/orfemedical.com\/en\/wp-json\/wp\/v2\/product_cat?post=6935"},{"taxonomy":"product_tag","embeddable":true,"href":"https:\/\/orfemedical.com\/en\/wp-json\/wp\/v2\/product_tag?post=6935"}],"curies":[{"name":"wp","href":"https:\/\/api.w.org\/{rel}","templated":true}]}}