{"id":6937,"date":"2020-07-22T23:00:32","date_gmt":"2021-03-01T13:08:55","guid":{"rendered":"https:\/\/orfemedical.com\/urun\/ambu-spur-ii-tek-kullanimlik-resusitator\/"},"modified":"2021-12-15T17:30:22","modified_gmt":"2021-12-15T14:30:22","slug":"ambu-spur-ii-disposable-resuscitator","status":"publish","type":"product","link":"https:\/\/orfemedical.com\/en\/product\/ambu-spur-ii-disposable-resuscitator\/","title":{"rendered":"Ambu\u00ae SPUR\u00ae II &#8211; Disposable Resuscitator"},"content":{"rendered":"<p style=\"text-align: left;\">Ambu SPUR II is a disposable resuscitator made from an SEBS polymer instead of PVC. This classifies Ambu SPUR II as environmentally safe and completely disposable, thus eliminating all risk of cross contamination. It is part of a complete family of resuscitators, including infant, pediatric and adult sizes.<\/p>\n<p style=\"text-align: left;\">All Ambu SPURII resuscitators come in separate, resealable carrying bags, color-coded for quick size identification, with one or more masks and any special accessories.<\/p>\n<div class=\"gdlr-core-widget-box-shortcode \" style=\"color: #ffffff ;background-color: #009fe3 ;\"  ><h3 class=\"gdlr-core-widget-box-shortcode-title\" style=\"color: #ffffff ;\"  >Product features<\/h3><div class=\"gdlr-core-widget-box-shortcode-content\" ><ul>\n<li style=\"text-align: left;\">SafeGrip \u2122 surface for safe use in stressful environments<\/li>\n<li style=\"text-align: left;\">Ergonomic, lightweight design makes extended vents less tiring<\/li>\n<li style=\"text-align: left;\">Fast rebound time provides rapid ventilation<\/li>\n<li style=\"text-align: left;\">Easy mounting of manometer and PEEP valve<\/li>\n<li style=\"text-align: left;\">Unique single valve valve system for reliable functionality<\/li>\n<li style=\"text-align: left;\">Rotation between valve and mask allows 360 \u00b0 positioning with respect to the patient<\/li>\n<li style=\"text-align: left;\">Integrated handle for user comfort and even compression<\/li>\n<li style=\"text-align: left;\">Thin-walled compression bag provides lung fit and &#8220;feel&#8221;<\/li>\n<li style=\"text-align: left;\">Extremely low valve resistance for unobstructed airflow<\/li>\n<li style=\"text-align: left;\">Soft splash guard for user safety<\/li>\n<\/ul>\n<p>\n<\/div><\/div><span class=\"gdlr-core-space-shortcode\" style=\"margin-top: 30px ;\"  ><\/span><\/p>\n<section class=\"row bsc-text-block\"><\/section>\n","protected":false},"excerpt":{"rendered":"<p>Ambu SPUR II, res\u00fcsitasyon s\u0131ras\u0131nda kullan\u0131c\u0131lara ola\u011fan\u00fcst\u00fc dokunsal ve g\u00f6rsel geri bildirim sa\u011flar. The bag is extremely sensitive and has minimal mechanical resistance. Moreover, the characteristic design is optimum in terms of stroke volume and rebound.<\/p>\n","protected":false},"featured_media":6457,"template":"","meta":[],"product_cat":[139,133],"product_tag":[],"yoast_head":"<!-- This site is optimized with the Yoast SEO plugin v15.7 - https:\/\/yoast.com\/wordpress\/plugins\/seo\/ -->\n<title>Ambu\u00ae SPUR\u00ae II - Disposable Resuscitator - Orfe T\u0131bbi Cihazlar ve Sa\u011fl\u0131k \u00dcr\u00fcnleri San. Tic. Ltd. \u015eti.<\/title>\n<meta name=\"robots\" content=\"index, follow, max-snippet:-1, max-image-preview:large, max-video-preview:-1\" \/>\n<link rel=\"canonical\" href=\"https:\/\/orfemedical.com\/en\/product\/ambu-spur-ii-disposable-resuscitator\/\" \/>\n<meta property=\"og:locale\" content=\"en_US\" \/>\n<meta property=\"og:type\" content=\"article\" \/>\n<meta property=\"og:title\" content=\"Ambu\u00ae SPUR\u00ae II - Disposable Resuscitator - Orfe T\u0131bbi Cihazlar ve Sa\u011fl\u0131k \u00dcr\u00fcnleri San. Tic. Ltd. \u015eti.\" \/>\n<meta property=\"og:description\" content=\"Ambu SPUR II, res\u00fcsitasyon s\u0131ras\u0131nda kullan\u0131c\u0131lara ola\u011fan\u00fcst\u00fc dokunsal ve g\u00f6rsel geri bildirim sa\u011flar. The bag is extremely sensitive and has minimal mechanical resistance. Moreover, the characteristic design is optimum in terms of stroke volume and rebound.\" \/>\n<meta property=\"og:url\" content=\"https:\/\/orfemedical.com\/en\/product\/ambu-spur-ii-disposable-resuscitator\/\" \/>\n<meta property=\"og:site_name\" content=\"Orfe T\u0131bbi Cihazlar ve Sa\u011fl\u0131k \u00dcr\u00fcnleri San. Tic. Ltd. \u015eti.\" \/>\n<meta property=\"article:modified_time\" content=\"2021-12-15T14:30:22+00:00\" \/>\n<meta property=\"og:image\" content=\"https:\/\/orfemedical.com\/wp-content\/uploads\/2020\/07\/spur-1.jpg\" \/>\n\t<meta property=\"og:image:width\" content=\"600\" \/>\n\t<meta property=\"og:image:height\" content=\"600\" \/>\n<meta name=\"twitter:card\" content=\"summary_large_image\" \/>\n<meta name=\"twitter:label1\" content=\"Est. reading time\">\n\t<meta name=\"twitter:data1\" content=\"1 minute\">\n<script type=\"application\/ld+json\" class=\"yoast-schema-graph\">{\"@context\":\"https:\/\/schema.org\",\"@graph\":[{\"@type\":\"WebSite\",\"@id\":\"https:\/\/orfemedical.com\/#website\",\"url\":\"https:\/\/orfemedical.com\/\",\"name\":\"Orfe T\\u0131bbi Cihazlar ve Sa\\u011fl\\u0131k \\u00dcr\\u00fcnleri San. Tic. Ltd. \\u015eti.\",\"description\":\"Orfe Medikal\",\"potentialAction\":[{\"@type\":\"SearchAction\",\"target\":\"https:\/\/orfemedical.com\/?s={search_term_string}\",\"query-input\":\"required name=search_term_string\"}],\"inLanguage\":\"en-US\"},{\"@type\":\"ImageObject\",\"@id\":\"https:\/\/orfemedical.com\/en\/product\/ambu-spur-ii-disposable-resuscitator\/#primaryimage\",\"inLanguage\":\"en-US\",\"url\":\"https:\/\/orfemedical.com\/wp-content\/uploads\/2020\/07\/spur-1.jpg\",\"width\":600,\"height\":600},{\"@type\":\"WebPage\",\"@id\":\"https:\/\/orfemedical.com\/en\/product\/ambu-spur-ii-disposable-resuscitator\/#webpage\",\"url\":\"https:\/\/orfemedical.com\/en\/product\/ambu-spur-ii-disposable-resuscitator\/\",\"name\":\"Ambu\\u00ae SPUR\\u00ae II - Disposable Resuscitator - Orfe T\\u0131bbi Cihazlar ve Sa\\u011fl\\u0131k \\u00dcr\\u00fcnleri San. Tic. Ltd. \\u015eti.\",\"isPartOf\":{\"@id\":\"https:\/\/orfemedical.com\/#website\"},\"primaryImageOfPage\":{\"@id\":\"https:\/\/orfemedical.com\/en\/product\/ambu-spur-ii-disposable-resuscitator\/#primaryimage\"},\"datePublished\":\"2021-03-01T13:08:55+00:00\",\"dateModified\":\"2021-12-15T14:30:22+00:00\",\"inLanguage\":\"en-US\",\"potentialAction\":[{\"@type\":\"ReadAction\",\"target\":[\"https:\/\/orfemedical.com\/en\/product\/ambu-spur-ii-disposable-resuscitator\/\"]}]}]}<\/script>\n<!-- \/ Yoast SEO plugin. -->","_links":{"self":[{"href":"https:\/\/orfemedical.com\/en\/wp-json\/wp\/v2\/product\/6937"}],"collection":[{"href":"https:\/\/orfemedical.com\/en\/wp-json\/wp\/v2\/product"}],"about":[{"href":"https:\/\/orfemedical.com\/en\/wp-json\/wp\/v2\/types\/product"}],"wp:featuredmedia":[{"embeddable":true,"href":"https:\/\/orfemedical.com\/en\/wp-json\/wp\/v2\/media\/6457"}],"wp:attachment":[{"href":"https:\/\/orfemedical.com\/en\/wp-json\/wp\/v2\/media?parent=6937"}],"wp:term":[{"taxonomy":"product_cat","embeddable":true,"href":"https:\/\/orfemedical.com\/en\/wp-json\/wp\/v2\/product_cat?post=6937"},{"taxonomy":"product_tag","embeddable":true,"href":"https:\/\/orfemedical.com\/en\/wp-json\/wp\/v2\/product_tag?post=6937"}],"curies":[{"name":"wp","href":"https:\/\/api.w.org\/{rel}","templated":true}]}}