{"id":6940,"date":"2020-07-24T13:04:17","date_gmt":"2021-03-01T13:12:14","guid":{"rendered":"https:\/\/orfemedical.com\/urun\/litho\/"},"modified":"2021-12-15T17:27:21","modified_gmt":"2021-12-15T14:27:21","slug":"litho","status":"publish","type":"product","link":"https:\/\/orfemedical.com\/en\/product\/litho\/","title":{"rendered":"Litho"},"content":{"rendered":"<p><img loading=\"lazy\" class=\"size-full wp-image-6488 aligncenter\" src=\"https:\/\/orfemedical.com\/wp-content\/uploads\/2020\/07\/PORTFOLIO_CHIRURGIANew-1-1600x900-1.jpg\" alt=\"\" width=\"1600\" height=\"900\" srcset=\"https:\/\/orfemedical.com\/wp-content\/uploads\/2020\/07\/PORTFOLIO_CHIRURGIANew-1-1600x900-1.jpg 1600w, https:\/\/orfemedical.com\/wp-content\/uploads\/2020\/07\/PORTFOLIO_CHIRURGIANew-1-1600x900-1-600x338.jpg 600w, https:\/\/orfemedical.com\/wp-content\/uploads\/2020\/07\/PORTFOLIO_CHIRURGIANew-1-1600x900-1-300x169.jpg 300w, https:\/\/orfemedical.com\/wp-content\/uploads\/2020\/07\/PORTFOLIO_CHIRURGIANew-1-1600x900-1-1024x576.jpg 1024w, https:\/\/orfemedical.com\/wp-content\/uploads\/2020\/07\/PORTFOLIO_CHIRURGIANew-1-1600x900-1-768x432.jpg 768w, https:\/\/orfemedical.com\/wp-content\/uploads\/2020\/07\/PORTFOLIO_CHIRURGIANew-1-1600x900-1-1536x864.jpg 1536w\" sizes=\"(max-width: 1600px) 100vw, 1600px\" \/><\/p>\n<p><img loading=\"lazy\" class=\"size-full wp-image-6510 aligncenter\" src=\"https:\/\/orfemedical.com\/wp-content\/uploads\/2020\/07\/LITHO_TITOLO.png\" alt=\"\" width=\"846\" height=\"60\" srcset=\"https:\/\/orfemedical.com\/wp-content\/uploads\/2020\/07\/LITHO_TITOLO.png 846w, https:\/\/orfemedical.com\/wp-content\/uploads\/2020\/07\/LITHO_TITOLO-600x43.png 600w, https:\/\/orfemedical.com\/wp-content\/uploads\/2020\/07\/LITHO_TITOLO-300x21.png 300w, https:\/\/orfemedical.com\/wp-content\/uploads\/2020\/07\/LITHO_TITOLO-768x54.png 768w\" sizes=\"(max-width: 846px) 100vw, 846px\" \/><\/p>\n<div class=\"gdlr-core-widget-box-shortcode \" style=\"color: #ffffff ;background-color: #009fe3 ;\"  ><h3 class=\"gdlr-core-widget-box-shortcode-title\" style=\"color: #ffffff ;\"  >Device at a Glance<\/h3><div class=\"gdlr-core-widget-box-shortcode-content\" ><\/p>\n<p style=\"text-align: left;\"><img loading=\"lazy\" class=\"size-full wp-image-6511 alignleft\" src=\"https:\/\/orfemedical.com\/wp-content\/uploads\/2020\/07\/description_litho.png\" alt=\"\" width=\"640\" height=\"360\" srcset=\"https:\/\/orfemedical.com\/wp-content\/uploads\/2020\/07\/description_litho.png 640w, https:\/\/orfemedical.com\/wp-content\/uploads\/2020\/07\/description_litho-600x338.png 600w, https:\/\/orfemedical.com\/wp-content\/uploads\/2020\/07\/description_litho-300x169.png 300w\" sizes=\"(max-width: 640px) 100vw, 640px\" \/><\/p>\n<p style=\"text-align: left;\">The Litho device is a Holmium (2.1 \u03bcm) surgical laser that offers a wide range of settings for the treatment of stone and soft tissue surgery, combined with versatility, cost effectiveness and ease of use.<\/p>\n<p style=\"text-align: left;\">Its radiation is strongly absorbed by water, resulting in effective hemostasis and limited penetration depth (0.3-0.4mm).<br \/>\nBesides urology treatments, this device can be used for resection and ablation of different soft tissues.<br \/>\nIts compact tower design facilitates its use in different hospital wards, making it easy to transport and store.<\/p>\n<p>\n<\/div><\/div>\n<p>&nbsp;<\/p>\n<p>&nbsp;<\/p>\n<p>&nbsp;<\/p>\n<p style=\"text-align: left;\"><div class=\"gdlr-core-widget-box-shortcode \" style=\"color: #ffffff ;background-color: #009fe3 ;\"  ><h3 class=\"gdlr-core-widget-box-shortcode-title\" style=\"color: #ffffff ;\"  >Toz Etkisi<\/h3><div class=\"gdlr-core-widget-box-shortcode-content\" ><\/p>\n<p style=\"text-align: left;\">It prolongs the treatment of stone retropulsion and migration lithotripsy, especially with high pulse energy.<\/p>\n<p style=\"text-align: left;\">The litho device is equipped with the Dusting Effect mode, which utilizes the extremely long pulse width to make a smoother ablation ablation, limiting retropulsion without affecting fragmentation efficiency. The resulting fine powder eliminates the need for parts to be retrieved relative to the basket.<\/p>\n<p>\n<\/div><\/div><\/p>\n<p>&nbsp;<\/p>\n<div class=\"gdlr-core-widget-box-shortcode \" style=\"color: #ffffff ;background-color: #009fe3 ;\"  ><div class=\"gdlr-core-widget-box-shortcode-content\" ><\/p>\n<p style=\"text-align: left;\">The Litho device is a well-established laser technology in the global market. As demonstrated by its long presence in the market (introduced in 2008) and over 1000 installations in over 25 countries worldwide, this device represents a reliable, durable and cost effective laser solution.<\/p>\n<p>\n<\/div><\/div>\n<p>&nbsp;<\/p>\n<div class=\"gdlr-core-widget-box-shortcode \" style=\"color: #ffffff ;background-color: #009fe3 ;\"  ><h3 class=\"gdlr-core-widget-box-shortcode-title\" style=\"color: #ffffff ;\"  >High strength with small fibers<\/h3><div class=\"gdlr-core-widget-box-shortcode-content\" ><\/p>\n<p style=\"text-align: left;\">Versatility in applications requires a wide variety of transmission probes. Therefore, Litho laser is compatible with different fiber diameters (200-1000um) and types.<\/p>\n<p style=\"text-align: left;\">Besides standard fibers, our portfolio includes ball-end fibers (for easier insertion of already twisted coverage), performance probes (to provide even higher output power).<\/p>\n<p>\n<\/div><\/div>\n<p>&nbsp;<\/p>\n<p>&nbsp;<\/p>\n<section class=\"row bsc-text-block\"><\/section>\n","protected":false},"excerpt":{"rendered":"<p>30W &#8211; 35W Holmium system for lithotripsy<\/p>\n","protected":false},"featured_media":6499,"template":"","meta":[],"product_cat":[142],"product_tag":[],"yoast_head":"<!-- This site is optimized with the Yoast SEO plugin v15.7 - https:\/\/yoast.com\/wordpress\/plugins\/seo\/ -->\n<title>Litho - Orfe T\u0131bbi Cihazlar ve Sa\u011fl\u0131k \u00dcr\u00fcnleri San. Tic. Ltd. \u015eti.<\/title>\n<meta name=\"robots\" content=\"index, follow, max-snippet:-1, max-image-preview:large, max-video-preview:-1\" \/>\n<link rel=\"canonical\" href=\"https:\/\/orfemedical.com\/en\/product\/litho\/\" \/>\n<meta property=\"og:locale\" content=\"en_US\" \/>\n<meta property=\"og:type\" content=\"article\" \/>\n<meta property=\"og:title\" content=\"Litho - Orfe T\u0131bbi Cihazlar ve Sa\u011fl\u0131k \u00dcr\u00fcnleri San. Tic. Ltd. \u015eti.\" \/>\n<meta property=\"og:description\" content=\"30W - 35W Holmium system for lithotripsy\" \/>\n<meta property=\"og:url\" content=\"https:\/\/orfemedical.com\/en\/product\/litho\/\" \/>\n<meta property=\"og:site_name\" content=\"Orfe T\u0131bbi Cihazlar ve Sa\u011fl\u0131k \u00dcr\u00fcnleri San. Tic. Ltd. \u015eti.\" \/>\n<meta property=\"article:modified_time\" content=\"2021-12-15T14:27:21+00:00\" \/>\n<meta property=\"og:image\" content=\"https:\/\/orfemedical.com\/wp-content\/uploads\/2020\/07\/lithoevodx.png\" \/>\n\t<meta property=\"og:image:width\" content=\"450\" \/>\n\t<meta property=\"og:image:height\" content=\"450\" \/>\n<meta name=\"twitter:card\" content=\"summary_large_image\" \/>\n<meta name=\"twitter:label1\" content=\"Est. reading time\">\n\t<meta name=\"twitter:data1\" content=\"2 minutes\">\n<script type=\"application\/ld+json\" class=\"yoast-schema-graph\">{\"@context\":\"https:\/\/schema.org\",\"@graph\":[{\"@type\":\"WebSite\",\"@id\":\"https:\/\/orfemedical.com\/#website\",\"url\":\"https:\/\/orfemedical.com\/\",\"name\":\"Orfe T\\u0131bbi Cihazlar ve Sa\\u011fl\\u0131k \\u00dcr\\u00fcnleri San. Tic. Ltd. \\u015eti.\",\"description\":\"Orfe Medikal\",\"potentialAction\":[{\"@type\":\"SearchAction\",\"target\":\"https:\/\/orfemedical.com\/?s={search_term_string}\",\"query-input\":\"required name=search_term_string\"}],\"inLanguage\":\"en-US\"},{\"@type\":\"ImageObject\",\"@id\":\"https:\/\/orfemedical.com\/en\/product\/litho\/#primaryimage\",\"inLanguage\":\"en-US\",\"url\":\"https:\/\/orfemedical.com\/wp-content\/uploads\/2020\/07\/lithoevodx.png\",\"width\":450,\"height\":450},{\"@type\":\"WebPage\",\"@id\":\"https:\/\/orfemedical.com\/en\/product\/litho\/#webpage\",\"url\":\"https:\/\/orfemedical.com\/en\/product\/litho\/\",\"name\":\"Litho - Orfe T\\u0131bbi Cihazlar ve Sa\\u011fl\\u0131k \\u00dcr\\u00fcnleri San. Tic. Ltd. \\u015eti.\",\"isPartOf\":{\"@id\":\"https:\/\/orfemedical.com\/#website\"},\"primaryImageOfPage\":{\"@id\":\"https:\/\/orfemedical.com\/en\/product\/litho\/#primaryimage\"},\"datePublished\":\"2021-03-01T13:12:14+00:00\",\"dateModified\":\"2021-12-15T14:27:21+00:00\",\"inLanguage\":\"en-US\",\"potentialAction\":[{\"@type\":\"ReadAction\",\"target\":[\"https:\/\/orfemedical.com\/en\/product\/litho\/\"]}]}]}<\/script>\n<!-- \/ Yoast SEO plugin. -->","_links":{"self":[{"href":"https:\/\/orfemedical.com\/en\/wp-json\/wp\/v2\/product\/6940"}],"collection":[{"href":"https:\/\/orfemedical.com\/en\/wp-json\/wp\/v2\/product"}],"about":[{"href":"https:\/\/orfemedical.com\/en\/wp-json\/wp\/v2\/types\/product"}],"wp:featuredmedia":[{"embeddable":true,"href":"https:\/\/orfemedical.com\/en\/wp-json\/wp\/v2\/media\/6499"}],"wp:attachment":[{"href":"https:\/\/orfemedical.com\/en\/wp-json\/wp\/v2\/media?parent=6940"}],"wp:term":[{"taxonomy":"product_cat","embeddable":true,"href":"https:\/\/orfemedical.com\/en\/wp-json\/wp\/v2\/product_cat?post=6940"},{"taxonomy":"product_tag","embeddable":true,"href":"https:\/\/orfemedical.com\/en\/wp-json\/wp\/v2\/product_tag?post=6940"}],"curies":[{"name":"wp","href":"https:\/\/api.w.org\/{rel}","templated":true}]}}