{"id":6943,"date":"2020-07-24T12:14:42","date_gmt":"2021-03-01T13:15:06","guid":{"rendered":"https:\/\/orfemedical.com\/urun\/cyber-ho-family\/"},"modified":"2021-03-01T16:15:09","modified_gmt":"2021-03-01T13:15:09","slug":"cyber-ho-family","status":"publish","type":"product","link":"https:\/\/orfemedical.com\/en\/product\/cyber-ho-family\/","title":{"rendered":"Cyber Ho Family"},"content":{"rendered":"<p><img loading=\"lazy\" class=\"size-full wp-image-6488 aligncenter\" src=\"https:\/\/orfemedical.com\/wp-content\/uploads\/2020\/07\/PORTFOLIO_CHIRURGIANew-1-1600x900-1.jpg\" alt=\"\" width=\"1600\" height=\"900\" srcset=\"https:\/\/orfemedical.com\/wp-content\/uploads\/2020\/07\/PORTFOLIO_CHIRURGIANew-1-1600x900-1.jpg 1600w, https:\/\/orfemedical.com\/wp-content\/uploads\/2020\/07\/PORTFOLIO_CHIRURGIANew-1-1600x900-1-600x338.jpg 600w, https:\/\/orfemedical.com\/wp-content\/uploads\/2020\/07\/PORTFOLIO_CHIRURGIANew-1-1600x900-1-300x169.jpg 300w, https:\/\/orfemedical.com\/wp-content\/uploads\/2020\/07\/PORTFOLIO_CHIRURGIANew-1-1600x900-1-1024x576.jpg 1024w, https:\/\/orfemedical.com\/wp-content\/uploads\/2020\/07\/PORTFOLIO_CHIRURGIANew-1-1600x900-1-768x432.jpg 768w, https:\/\/orfemedical.com\/wp-content\/uploads\/2020\/07\/PORTFOLIO_CHIRURGIANew-1-1600x900-1-1536x864.jpg 1536w\" sizes=\"(max-width: 1600px) 100vw, 1600px\" \/><\/p>\n<p><img loading=\"lazy\" class=\"size-full wp-image-6504 aligncenter\" src=\"https:\/\/orfemedical.com\/wp-content\/uploads\/2020\/07\/CYBER_HO_TITOLO-1.png\" alt=\"\" width=\"846\" height=\"60\" srcset=\"https:\/\/orfemedical.com\/wp-content\/uploads\/2020\/07\/CYBER_HO_TITOLO-1.png 846w, https:\/\/orfemedical.com\/wp-content\/uploads\/2020\/07\/CYBER_HO_TITOLO-1-600x43.png 600w, https:\/\/orfemedical.com\/wp-content\/uploads\/2020\/07\/CYBER_HO_TITOLO-1-300x21.png 300w, https:\/\/orfemedical.com\/wp-content\/uploads\/2020\/07\/CYBER_HO_TITOLO-1-768x54.png 768w\" sizes=\"(max-width: 846px) 100vw, 846px\" \/><\/p>\n<div class=\"gdlr-core-widget-box-shortcode \" style=\"color: #ffffff ;background-color: #009fe3 ;\"  ><h3 class=\"gdlr-core-widget-box-shortcode-title\" style=\"color: #ffffff ;\"  >Device at a Glance<\/h3><div class=\"gdlr-core-widget-box-shortcode-content\" ><\/p>\n<p style=\"text-align: left;\"><img loading=\"lazy\" class=\"alignleft wp-image-5406 size-medium\" src=\"https:\/\/orfemedical.com\/wp-content\/uploads\/2020\/07\/description2-300x169.png\" alt=\"\" width=\"300\" height=\"169\" srcset=\"https:\/\/orfemedical.com\/wp-content\/uploads\/2020\/07\/description2-300x169.png 300w, https:\/\/orfemedical.com\/wp-content\/uploads\/2020\/07\/description2-600x338.png 600w, https:\/\/orfemedical.com\/wp-content\/uploads\/2020\/07\/description2.png 640w\" sizes=\"(max-width: 300px) 100vw, 300px\" \/><\/p>\n<p style=\"text-align: left;\">Cyber Ho Holmium (2.1 \u03bcm) laser devices meet the increasing demand for efficiency and flexibility with a unique multi-application laser platform that can perform both Lithotripsy and HoLEP.<\/p>\n<p style=\"text-align: left;\">Cyber Ho is available in three versions, reaching 152 W of power and representing exceptional innovation by offering exclusive Virtual BasketTM, Vapor TunnelTM and MasterPULSE technologies for advanced retropulsion control. This device also offers impressive settings regarding power, energy and frequency.<\/p>\n<p>\n<\/div><\/div>\n<p>&nbsp;<\/p>\n<p style=\"text-align: left;\"><div class=\"gdlr-core-widget-box-shortcode \" style=\"color: #ffffff ;background-color: #009fe3 ;\"  ><h3 class=\"gdlr-core-widget-box-shortcode-title\" style=\"color: #ffffff ;\"  >Virtual Basket({{sup}})TM({{\/sup}}) &amp;amp; Vapor Tunnel({{sup}})TM({{\/sup}})<\/h3><div class=\"gdlr-core-widget-box-shortcode-content\" ><\/p>\n<p style=\"text-align: left;\">Specific laser pulse modulation produces longer bubbles that can be further elongated, creates a stone-targeted connecting channel, provides enhanced energy delivery, provides effective and rapid ablation and retropulsion reduction.<\/p>\n<p>\n<\/div><\/div><\/p>\n<p>&nbsp;<\/p>\n<div class=\"gdlr-core-widget-box-shortcode \" style=\"color: #ffffff ;background-color: #009fe3 ;\"  ><h3 class=\"gdlr-core-widget-box-shortcode-title\" style=\"color: #ffffff ;\"  >Superior Settings<\/h3><div class=\"gdlr-core-widget-box-shortcode-content\" ><\/p>\n<p style=\"text-align: left;\"><img loading=\"lazy\" class=\"alignleft wp-image-5409 size-medium\" src=\"https:\/\/orfemedical.com\/wp-content\/uploads\/2020\/07\/RFID_640x360_2020-300x234.png\" alt=\"\" width=\"300\" height=\"234\" srcset=\"https:\/\/orfemedical.com\/wp-content\/uploads\/2020\/07\/RFID_640x360_2020-300x234.png 300w, https:\/\/orfemedical.com\/wp-content\/uploads\/2020\/07\/RFID_640x360_2020-600x469.png 600w, https:\/\/orfemedical.com\/wp-content\/uploads\/2020\/07\/RFID_640x360_2020.png 640w\" sizes=\"(max-width: 300px) 100vw, 300px\" \/>Cyber Ho laser devices offer impressive settings for superior surgical experience, as well as high versatility in high power (up to 152W), high repetition rate (100Hz), pulse energy (5J) and pulse width setting.<\/p>\n<p style=\"text-align: left;\">Endless setting combinations provide more treatment possibilities and greater versatility in techniques.<\/p>\n<p>\n<\/div><\/div>\n<p>&nbsp;<\/p>\n<p>&nbsp;<\/p>\n<p>&nbsp;<\/p>\n<div class=\"gdlr-core-widget-box-shortcode \" style=\"color: #ffffff ;background-color: #009fe3 ;\"  ><h3 class=\"gdlr-core-widget-box-shortcode-title\" style=\"color: #ffffff ;\"  >HoLEP<\/h3><div class=\"gdlr-core-widget-box-shortcode-content\" ><\/p>\n<p style=\"text-align: left;\">HoLEP (Holmium Laser Enucleation of the Prostate) is a proven technique for BPH treatment with high efficacy, safety and durability.<\/p>\n<p style=\"text-align: left;\">Cyber Ho devices offer a full choice of settings with superior surgical experience, high emission power (up to 152W), intuitive and large modulation of the pulse width, and special modes for different steps of treatment, given by a double foot switch.<\/p>\n<p style=\"text-align: left;\">Multiple settings and tool combinations allow for maximum usage versatility so the surgeon can easily achieve the desired results.<\/p>\n<p>\n<\/div><\/div>\n<p>&nbsp;<\/p>\n<p style=\"text-align: left;\"><div class=\"gdlr-core-widget-box-shortcode \" style=\"color: #ffffff ;background-color: #009fe3 ;\"  ><h3 class=\"gdlr-core-widget-box-shortcode-title\" style=\"color: #ffffff ;\"  >MasterPULSE<\/h3><div class=\"gdlr-core-widget-box-shortcode-content\" ><\/p>\n<p style=\"text-align: left;\">The CyberTM device is a well-established laser technology in the global market. As demonstrated by its long-standing presence on the market (introduced in 2009) and with more than 300 installations in more than 25 countries worldwide, this device represents a reliable and highly effective surgical solution for a wide variety of surgical treatments.<\/p>\n<p>\n<\/div><\/div><\/p>\n<p>&nbsp;<\/p>\n<p>&nbsp;<\/p>\n<div class=\"gdlr-core-widget-box-shortcode \" style=\"color: #ffffff ;background-color: #009fe3 ;\"  ><h3 class=\"gdlr-core-widget-box-shortcode-title\" style=\"color: #ffffff ;\"  >Versatile Lithotripsy<\/h3><div class=\"gdlr-core-widget-box-shortcode-content\" ><\/p>\n<p style=\"text-align: left;\"><img loading=\"lazy\" class=\"alignleft wp-image-5404 size-medium\" src=\"https:\/\/orfemedical.com\/wp-content\/uploads\/2020\/07\/CALCOLO-3-300x169.png\" alt=\"\" width=\"300\" height=\"169\" srcset=\"https:\/\/orfemedical.com\/wp-content\/uploads\/2020\/07\/CALCOLO-3-300x169.png 300w, https:\/\/orfemedical.com\/wp-content\/uploads\/2020\/07\/CALCOLO-3.png 600w\" sizes=\"(max-width: 300px) 100vw, 300px\" \/>Cyber Ho offers a truly complete solution for stone treatment, offering all the necessary tools. The user can choose from many techniques such as high-frequency lithotripsy, dusting, fragmentation and overcoming stone retropulsion with advanced tools such as popcorning, Virtual BasketTM.<\/p>\n<p>\n<\/div><\/div>\n<p>&nbsp;<\/p>\n<p>&nbsp;<\/p>\n<div class=\"gdlr-core-widget-box-shortcode \" style=\"color: #ffffff ;background-color: #009fe3 ;\"  ><h3 class=\"gdlr-core-widget-box-shortcode-title\" style=\"color: #ffffff ;\"  >Directed method<\/h3><div class=\"gdlr-core-widget-box-shortcode-content\" ><\/p>\n<p style=\"text-align: left;\">Quanta System knows how often inexperienced surgeons need settings advice and therefore understands the importance of having user-friendly laser devices.<\/p>\n<p style=\"text-align: left;\">Therefore, we have provided a guided method to automatically select the appropriate settings according to the intended treatments. With this improvement in user experience, we want to offer you the best laser solutions regardless of your Holmium laser experience.<\/p>\n<p>\n<\/div><\/div>\n<p>&nbsp;<\/p>\n<div class=\"gdlr-core-widget-box-shortcode \" style=\"color: #ffffff ;background-color: #009fe3 ;\"  ><h3 class=\"gdlr-core-widget-box-shortcode-title\" style=\"color: #ffffff ;\"  >High strength with small fibers<\/h3><div class=\"gdlr-core-widget-box-shortcode-content\" ><\/p>\n<p style=\"text-align: left;\"><img loading=\"lazy\" class=\"alignleft wp-image-5407 size-medium\" src=\"https:\/\/orfemedical.com\/wp-content\/uploads\/2020\/07\/fibra-300x169.png\" alt=\"\" width=\"300\" height=\"169\" srcset=\"https:\/\/orfemedical.com\/wp-content\/uploads\/2020\/07\/fibra-300x169.png 300w, https:\/\/orfemedical.com\/wp-content\/uploads\/2020\/07\/fibra-600x338.png 600w, https:\/\/orfemedical.com\/wp-content\/uploads\/2020\/07\/fibra.png 640w\" sizes=\"(max-width: 300px) 100vw, 300px\" \/>Cyber Ho devices are already designed for exceptional performance with small standard fibers (allowing more than 30W even at the smallest fiber diameters).<\/p>\n<p style=\"text-align: left;\">Thanks to this feature, the user should not avoid having fiber flexibility and high emission power at the same time.<\/p>\n<p>\n<\/div><\/div>\n<p>&nbsp;<\/p>\n<p>&nbsp;<\/p>\n<div class=\"gdlr-core-widget-box-shortcode \" style=\"color: #ffffff ;background-color: #009fe3 ;\"  ><h3 class=\"gdlr-core-widget-box-shortcode-title\" style=\"color: #ffffff ;\"  >Ball-end fibers<\/h3><div class=\"gdlr-core-widget-box-shortcode-content\" ><p style=\"text-align: left;\">The use of these fibers strongly simplifies the insertion step of fibers in already twisted scopes, preventing damage to the ureteroscope working channel and helping it slide inside the fiber end.<\/p>\n<p style=\"text-align: left;\">These fibers are for single use only.<\/p>\n<p>\n<\/div><\/div><span class=\"gdlr-core-space-shortcode\" style=\"margin-top: 30px ;\"  ><\/span><\/p>\n<section class=\"row bsc-text-block\"><\/section>\n","protected":false},"excerpt":{"rendered":"<p>High power holmium for HoLEP and Lithotripsy.<\/p>\n","protected":false},"featured_media":6497,"template":"","meta":[],"product_cat":[142],"product_tag":[],"yoast_head":"<!-- This site is optimized with the Yoast SEO plugin v15.7 - https:\/\/yoast.com\/wordpress\/plugins\/seo\/ -->\n<title>Cyber Ho Family - Orfe T\u0131bbi Cihazlar ve Sa\u011fl\u0131k \u00dcr\u00fcnleri San. Tic. Ltd. \u015eti.<\/title>\n<meta name=\"robots\" content=\"index, follow, max-snippet:-1, max-image-preview:large, max-video-preview:-1\" \/>\n<link rel=\"canonical\" href=\"https:\/\/orfemedical.com\/en\/product\/cyber-ho-family\/\" \/>\n<meta property=\"og:locale\" content=\"en_US\" \/>\n<meta property=\"og:type\" content=\"article\" \/>\n<meta property=\"og:title\" content=\"Cyber Ho Family - Orfe T\u0131bbi Cihazlar ve Sa\u011fl\u0131k \u00dcr\u00fcnleri San. Tic. Ltd. \u015eti.\" \/>\n<meta property=\"og:description\" content=\"High power holmium for HoLEP and Lithotripsy.\" \/>\n<meta property=\"og:url\" content=\"https:\/\/orfemedical.com\/en\/product\/cyber-ho-family\/\" \/>\n<meta property=\"og:site_name\" content=\"Orfe T\u0131bbi Cihazlar ve Sa\u011fl\u0131k \u00dcr\u00fcnleri San. Tic. Ltd. \u015eti.\" \/>\n<meta property=\"article:modified_time\" content=\"2021-03-01T13:15:09+00:00\" \/>\n<meta property=\"og:image\" content=\"https:\/\/orfemedical.com\/wp-content\/uploads\/2020\/07\/CYBER-HO_450X450_SX.png\" \/>\n\t<meta property=\"og:image:width\" content=\"450\" \/>\n\t<meta property=\"og:image:height\" content=\"450\" \/>\n<meta name=\"twitter:card\" content=\"summary_large_image\" \/>\n<meta name=\"twitter:label1\" content=\"Est. reading time\">\n\t<meta name=\"twitter:data1\" content=\"3 minutes\">\n<script type=\"application\/ld+json\" class=\"yoast-schema-graph\">{\"@context\":\"https:\/\/schema.org\",\"@graph\":[{\"@type\":\"WebSite\",\"@id\":\"https:\/\/orfemedical.com\/#website\",\"url\":\"https:\/\/orfemedical.com\/\",\"name\":\"Orfe T\\u0131bbi Cihazlar ve Sa\\u011fl\\u0131k \\u00dcr\\u00fcnleri San. Tic. Ltd. \\u015eti.\",\"description\":\"Orfe Medikal\",\"potentialAction\":[{\"@type\":\"SearchAction\",\"target\":\"https:\/\/orfemedical.com\/?s={search_term_string}\",\"query-input\":\"required name=search_term_string\"}],\"inLanguage\":\"en-US\"},{\"@type\":\"ImageObject\",\"@id\":\"https:\/\/orfemedical.com\/en\/product\/cyber-ho-family\/#primaryimage\",\"inLanguage\":\"en-US\",\"url\":\"https:\/\/orfemedical.com\/wp-content\/uploads\/2020\/07\/CYBER-HO_450X450_SX.png\",\"width\":450,\"height\":450},{\"@type\":\"WebPage\",\"@id\":\"https:\/\/orfemedical.com\/en\/product\/cyber-ho-family\/#webpage\",\"url\":\"https:\/\/orfemedical.com\/en\/product\/cyber-ho-family\/\",\"name\":\"Cyber Ho Family - Orfe T\\u0131bbi Cihazlar ve Sa\\u011fl\\u0131k \\u00dcr\\u00fcnleri San. Tic. Ltd. \\u015eti.\",\"isPartOf\":{\"@id\":\"https:\/\/orfemedical.com\/#website\"},\"primaryImageOfPage\":{\"@id\":\"https:\/\/orfemedical.com\/en\/product\/cyber-ho-family\/#primaryimage\"},\"datePublished\":\"2021-03-01T13:15:06+00:00\",\"dateModified\":\"2021-03-01T13:15:09+00:00\",\"inLanguage\":\"en-US\",\"potentialAction\":[{\"@type\":\"ReadAction\",\"target\":[\"https:\/\/orfemedical.com\/en\/product\/cyber-ho-family\/\"]}]}]}<\/script>\n<!-- \/ Yoast SEO plugin. -->","_links":{"self":[{"href":"https:\/\/orfemedical.com\/en\/wp-json\/wp\/v2\/product\/6943"}],"collection":[{"href":"https:\/\/orfemedical.com\/en\/wp-json\/wp\/v2\/product"}],"about":[{"href":"https:\/\/orfemedical.com\/en\/wp-json\/wp\/v2\/types\/product"}],"wp:featuredmedia":[{"embeddable":true,"href":"https:\/\/orfemedical.com\/en\/wp-json\/wp\/v2\/media\/6497"}],"wp:attachment":[{"href":"https:\/\/orfemedical.com\/en\/wp-json\/wp\/v2\/media?parent=6943"}],"wp:term":[{"taxonomy":"product_cat","embeddable":true,"href":"https:\/\/orfemedical.com\/en\/wp-json\/wp\/v2\/product_cat?post=6943"},{"taxonomy":"product_tag","embeddable":true,"href":"https:\/\/orfemedical.com\/en\/wp-json\/wp\/v2\/product_tag?post=6943"}],"curies":[{"name":"wp","href":"https:\/\/api.w.org\/{rel}","templated":true}]}}