{"id":7011,"date":"2020-08-28T10:49:39","date_gmt":"2021-03-01T14:14:32","guid":{"rendered":"https:\/\/orfemedical.com\/urun\/hydroxy-paa\/"},"modified":"2021-12-15T17:19:15","modified_gmt":"2021-12-15T14:19:15","slug":"hydroxy-paa","status":"publish","type":"product","link":"https:\/\/orfemedical.com\/en\/product\/hydroxy-paa\/","title":{"rendered":"hydroxy PAA"},"content":{"rendered":"<h5 class=\"vc_custom_heading\" style=\"text-align: left;\">Usage Area and Purpose:<\/h5>\n<div class=\"wpb_text_column wpb_content_element \" style=\"text-align: left;\">\n<div class=\"wpb_wrapper\">\n<p>It is a product that contains a combination of hydroxy PAA, hydrogen peroxide and peracetic acid.<\/p>\n<p>It is an ideal product for high-level disinfection of medical and surgical instruments, endoscopes, anesthesia materials, heat-resistant and non-durable surgical instruments and other materials, including MIC instruments.<\/p>\n<p>It is suitable for endoscopy washing devices and manual use. There is no harm in taking it into the environment.<\/p>\n<\/div>\n<\/div>\n<h5 class=\"vc_custom_heading\" style=\"text-align: left;\">Usage:<\/h5>\n<div class=\"wpb_text_column wpb_content_element \" style=\"text-align: left;\">\n<div class=\"wpb_wrapper\">\n<p>hydroxy PAA is a concentrated product, dilute according to the duration of action according to the table below. Allow a short time for the solution to spread evenly. Immerse endoscopes, anesthesia materials, heat-resistant and non-durable surgical instruments and other materials, including MIC instruments, into the endoscopy washing device or hydroxy PAA, which is prepared in the decontamination tub.<\/p>\n<p>Be sure to immerse the ingredients completely in the solution. Keep it on for the duration of the effect.<\/p>\n<p>The materials should be pre-cleaned before hydroxy PAA disinfection.<\/p>\n<p>It is not suitable for copper and brass-containing materials.<\/p>\n<p>Shelf life at room temperature is 2 years. Opened product should be used within 6 weeks.<\/p>\n<p>The hydroxy PAA in use should be changed according to the pollution condition. This period should not be more than 14 days.<\/p>\n<p>The effectiveness of the product is monitored with MEK control strips.<\/p>\n<p>&nbsp;<\/p>\n<table>\n<tbody>\n<tr>\n<td width=\"188\"><strong>MICROORGANISM<\/strong><\/td>\n<td width=\"64\"><strong>Duration of Effect<\/strong><\/td>\n<td width=\"177\"><strong>MICROORGANISM<\/strong><\/td>\n<td width=\"74\"><strong>Duration of Effect<\/strong><\/td>\n<\/tr>\n<tr>\n<td width=\"188\">Bactericidal<\/td>\n<td width=\"64\">5 minutes<\/td>\n<td width=\"177\">Microbactericidal<\/td>\n<td width=\"74\">5 minutes<\/td>\n<\/tr>\n<tr>\n<td width=\"188\">Mrsa, Vre, Acinetobacter<\/td>\n<td width=\"64\">5 minutes<\/td>\n<td width=\"177\">Virusidal<\/td>\n<td width=\"74\">5 minutes<\/td>\n<\/tr>\n<tr>\n<td width=\"188\">Fungusidal<\/td>\n<td width=\"64\">5 minutes<\/td>\n<td width=\"177\">Sporisidal<\/td>\n<td width=\"74\">10 min<\/td>\n<\/tr>\n<\/tbody>\n<\/table>\n<\/div>\n<\/div>\n<h5 class=\"vc_custom_heading\" style=\"text-align: left;\">Formulation Shape:<\/h5>\n<div class=\"wpb_text_column wpb_content_element \" style=\"text-align: left;\">\n<div class=\"wpb_wrapper\">\n<p>Liquid<\/p>\n<\/div>\n<\/div>\n<h5 class=\"vc_custom_heading\" style=\"text-align: left;\">Active Ingredients:<\/h5>\n<div class=\"wpb_text_column wpb_content_element \" style=\"text-align: left;\">\n<div class=\"wpb_wrapper\">\n<p>Hydrogen Peroxide, Peracetic Acid, Non Ionic Surface<br \/>\nContains Active Ingredients Stabilizer, Anti-Corrosion Ingredients<\/p>\n<\/div>\n<\/div>\n<div class=\"wpb_text_column wpb_content_element \" style=\"text-align: left;\">\n<div class=\"wpb_wrapper\">\n<p>Efficacy against tuberculosis report EN 14348, Efficacy against bacteria report EN 13727<\/p>\n<p>Activity report against fungi EN 13624, Activity study against viruses EN 14476<\/p>\n<p>hydroxy PAA, according to TS EN ISO 2812-1, corrosion, deformation and discoloration tests were carried out by the Accreditation body.<\/p>\n<\/div>\n<\/div>\n<section class=\"row bsc-text-block\"><\/section>\n","protected":false},"excerpt":{"rendered":"<h2 class=\"vc_custom_heading\">Surgical Instrument and Endoscope Sterilizer<\/h2>\n<p>It is a product that contains a combination of hydroxy PAA, hydrogen peroxide and peracetic acid.<\/p>\n<p>For Product Licenses -&gt; <a href=\"https:\/\/orfemedical.com\/urun-ruhsatnameleri\/\">Click<\/a><\/p>\n","protected":false},"featured_media":6655,"template":"","meta":[],"product_cat":[145,146],"product_tag":[],"yoast_head":"<!-- This site is optimized with the Yoast SEO plugin v15.7 - https:\/\/yoast.com\/wordpress\/plugins\/seo\/ -->\n<title>hydroxy PAA - Orfe T\u0131bbi Cihazlar ve Sa\u011fl\u0131k \u00dcr\u00fcnleri San. Tic. Ltd. \u015eti.<\/title>\n<meta name=\"robots\" content=\"index, follow, max-snippet:-1, max-image-preview:large, max-video-preview:-1\" \/>\n<link rel=\"canonical\" href=\"https:\/\/orfemedical.com\/en\/product\/hydroxy-paa\/\" \/>\n<meta property=\"og:locale\" content=\"en_US\" \/>\n<meta property=\"og:type\" content=\"article\" \/>\n<meta property=\"og:title\" content=\"hydroxy PAA - Orfe T\u0131bbi Cihazlar ve Sa\u011fl\u0131k \u00dcr\u00fcnleri San. Tic. Ltd. \u015eti.\" \/>\n<meta property=\"og:description\" content=\"Surgical Instrument and Endoscope Sterilizer It is a product that contains a combination of hydroxy PAA, hydrogen peroxide and peracetic acid.  For Product Licenses -&gt; Click\" \/>\n<meta property=\"og:url\" content=\"https:\/\/orfemedical.com\/en\/product\/hydroxy-paa\/\" \/>\n<meta property=\"og:site_name\" content=\"Orfe T\u0131bbi Cihazlar ve Sa\u011fl\u0131k \u00dcr\u00fcnleri San. Tic. Ltd. \u015eti.\" \/>\n<meta property=\"article:modified_time\" content=\"2021-12-15T14:19:15+00:00\" \/>\n<meta property=\"og:image\" content=\"https:\/\/orfemedical.com\/wp-content\/uploads\/2020\/08\/hydroxy-paa-1.jpg\" \/>\n\t<meta property=\"og:image:width\" content=\"600\" \/>\n\t<meta property=\"og:image:height\" content=\"600\" \/>\n<meta name=\"twitter:card\" content=\"summary_large_image\" \/>\n<meta name=\"twitter:label1\" content=\"Est. reading time\">\n\t<meta name=\"twitter:data1\" content=\"1 minute\">\n<script type=\"application\/ld+json\" class=\"yoast-schema-graph\">{\"@context\":\"https:\/\/schema.org\",\"@graph\":[{\"@type\":\"WebSite\",\"@id\":\"https:\/\/orfemedical.com\/#website\",\"url\":\"https:\/\/orfemedical.com\/\",\"name\":\"Orfe T\\u0131bbi Cihazlar ve Sa\\u011fl\\u0131k \\u00dcr\\u00fcnleri San. Tic. Ltd. \\u015eti.\",\"description\":\"Orfe Medikal\",\"potentialAction\":[{\"@type\":\"SearchAction\",\"target\":\"https:\/\/orfemedical.com\/?s={search_term_string}\",\"query-input\":\"required name=search_term_string\"}],\"inLanguage\":\"en-US\"},{\"@type\":\"ImageObject\",\"@id\":\"https:\/\/orfemedical.com\/en\/product\/hydroxy-paa\/#primaryimage\",\"inLanguage\":\"en-US\",\"url\":\"https:\/\/orfemedical.com\/wp-content\/uploads\/2020\/08\/hydroxy-paa-1.jpg\",\"width\":600,\"height\":600},{\"@type\":\"WebPage\",\"@id\":\"https:\/\/orfemedical.com\/en\/product\/hydroxy-paa\/#webpage\",\"url\":\"https:\/\/orfemedical.com\/en\/product\/hydroxy-paa\/\",\"name\":\"hydroxy PAA - Orfe T\\u0131bbi Cihazlar ve Sa\\u011fl\\u0131k \\u00dcr\\u00fcnleri San. Tic. Ltd. \\u015eti.\",\"isPartOf\":{\"@id\":\"https:\/\/orfemedical.com\/#website\"},\"primaryImageOfPage\":{\"@id\":\"https:\/\/orfemedical.com\/en\/product\/hydroxy-paa\/#primaryimage\"},\"datePublished\":\"2021-03-01T14:14:32+00:00\",\"dateModified\":\"2021-12-15T14:19:15+00:00\",\"inLanguage\":\"en-US\",\"potentialAction\":[{\"@type\":\"ReadAction\",\"target\":[\"https:\/\/orfemedical.com\/en\/product\/hydroxy-paa\/\"]}]}]}<\/script>\n<!-- \/ Yoast SEO plugin. -->","_links":{"self":[{"href":"https:\/\/orfemedical.com\/en\/wp-json\/wp\/v2\/product\/7011"}],"collection":[{"href":"https:\/\/orfemedical.com\/en\/wp-json\/wp\/v2\/product"}],"about":[{"href":"https:\/\/orfemedical.com\/en\/wp-json\/wp\/v2\/types\/product"}],"wp:featuredmedia":[{"embeddable":true,"href":"https:\/\/orfemedical.com\/en\/wp-json\/wp\/v2\/media\/6655"}],"wp:attachment":[{"href":"https:\/\/orfemedical.com\/en\/wp-json\/wp\/v2\/media?parent=7011"}],"wp:term":[{"taxonomy":"product_cat","embeddable":true,"href":"https:\/\/orfemedical.com\/en\/wp-json\/wp\/v2\/product_cat?post=7011"},{"taxonomy":"product_tag","embeddable":true,"href":"https:\/\/orfemedical.com\/en\/wp-json\/wp\/v2\/product_tag?post=7011"}],"curies":[{"name":"wp","href":"https:\/\/api.w.org\/{rel}","templated":true}]}}